{"id":1599,"date":"2025-07-20T19:59:03","date_gmt":"2025-07-20T17:59:03","guid":{"rendered":"https:\/\/fdrs.org.pl\/?page_id=1599"},"modified":"2025-07-20T20:24:03","modified_gmt":"2025-07-20T18:24:03","slug":"1599-2","status":"publish","type":"page","link":"https:\/\/fdrs.org.pl\/index.php\/pl\/1599-2\/","title":{"rendered":"Szko\u0142a dla Rodzic\u00f3w i Wychowawc\u00f3w"},"content":{"rendered":"<p>[et_pb_section fb_built=&#8221;1&#8243; _builder_version=&#8221;4.18.0&#8243; _module_preset=&#8221;default&#8221; custom_padding=&#8221;||27px|||&#8221; global_colors_info=&#8221;{}&#8221;][et_pb_row _builder_version=&#8221;4.18.0&#8243; _module_preset=&#8221;default&#8221; global_colors_info=&#8221;{}&#8221;][et_pb_column type=&#8221;4_4&#8243; _builder_version=&#8221;4.18.0&#8243; _module_preset=&#8221;default&#8221; global_colors_info=&#8221;{}&#8221;][et_pb_image src=&#8221;https:\/\/fdrs.org.pl\/wp-content\/uploads\/2025\/07\/444b8848-f89b-499a-9ae3-b1b91c01ad2e.jpg&#8221; title_text=&#8221;444b8848-f89b-499a-9ae3-b1b91c01ad2e&#8221; _builder_version=&#8221;4.23&#8243; _module_preset=&#8221;default&#8221; hover_enabled=&#8221;0&#8243; global_colors_info=&#8221;{}&#8221; sticky_enabled=&#8221;0&#8243;][\/et_pb_image][\/et_pb_column][\/et_pb_row][\/et_pb_section][et_pb_section fb_built=&#8221;1&#8243; admin_label=&#8221;About&#8221; _builder_version=&#8221;4.16&#8243; custom_padding=&#8221;3px|||||&#8221; global_colors_info=&#8221;{}&#8221;][et_pb_row column_structure=&#8221;1_3,2_3&#8243; _builder_version=&#8221;4.18.0&#8243; custom_margin=&#8221;||||false|false&#8221; custom_padding=&#8221;||||false|false&#8221; global_colors_info=&#8221;{}&#8221;][et_pb_column type=&#8221;1_3&#8243; _builder_version=&#8221;4.16&#8243; global_colors_info=&#8221;{}&#8221;][et_pb_text _builder_version=&#8221;4.18.0&#8243; text_font=&#8221;PT Sans||||||||&#8221; text_font_size=&#8221;16px&#8221; text_line_height=&#8221;1.8em&#8221; header_2_font=&#8221;Playfair Display|700|||||||&#8221; header_2_font_size=&#8221;50px&#8221; header_2_line_height=&#8221;1.3em&#8221; header_2_font_size_tablet=&#8221;32px&#8221; header_2_font_size_phone=&#8221;24px&#8221; header_2_font_size_last_edited=&#8221;on|tablet&#8221; locked=&#8221;off&#8221; global_colors_info=&#8221;{}&#8221;]<\/p>\n<h2>Metody<\/h2>\n<section class=\"elementor-element elementor-element-e69481b elementor-section-boxed elementor-section-height-default elementor-section-height-default elementor-section elementor-top-section\" data-id=\"e69481b\" data-element_type=\"section\">\n<div class=\"elementor-container elementor-column-gap-default\">\n<div class=\"elementor-row\">\n<div class=\"elementor-element elementor-element-7e6f417 elementor-column elementor-col-100 elementor-top-column\" data-id=\"7e6f417\" data-element_type=\"column\">\n<div class=\"elementor-column-wrap elementor-element-populated\">\n<div class=\"elementor-widget-wrap\">\n<div class=\"elementor-element elementor-element-e23c027 elementor-widget elementor-widget-text-editor\" data-id=\"e23c027\" data-element_type=\"widget\" data-widget_type=\"text-editor.default\">\n<div class=\"elementor-widget-container\">\n<div class=\"elementor-text-editor elementor-clearfix\"><\/div>\n<\/div>\n<\/div>\n<\/div>\n<\/div>\n<\/div>\n<\/div>\n<\/div>\n<\/section>\n<p>[\/et_pb_text][et_pb_blurb title=&#8221;zwi\u0119kszenie umiej\u0119tno\u015bci wychowawczych oraz zmian\u0119 postaw wychowawczych rodzic\u00f3w\/ wychowawc\u00f3w&#8221; use_icon=&#8221;on&#8221; font_icon=&#8221;&#xe052;||divi||400&#8243; icon_color=&#8221;#007aff&#8221; icon_placement=&#8221;left&#8221; content_max_width=&#8221;800px&#8221; _builder_version=&#8221;4.23&#8243; header_font=&#8221;PT Sans|700|||||||&#8221; header_text_color=&#8221;#2a3749&#8243; header_font_size=&#8221;16px&#8221; header_line_height=&#8221;1.9em&#8221; locked=&#8221;off&#8221; global_colors_info=&#8221;{}&#8221;][\/et_pb_blurb][et_pb_blurb title=&#8221;10 warsztat\u00f3w psychologicznych (40 godzin dydaktycznych)&#8221; use_icon=&#8221;on&#8221; font_icon=&#8221;&#xe052;||divi||400&#8243; icon_color=&#8221;#007aff&#8221; icon_placement=&#8221;left&#8221; content_max_width=&#8221;800px&#8221; _builder_version=&#8221;4.23&#8243; header_font=&#8221;PT Sans|700|||||||&#8221; header_text_color=&#8221;#2a3749&#8243; header_font_size=&#8221;16px&#8221; header_line_height=&#8221;1.9em&#8221; locked=&#8221;off&#8221; global_colors_info=&#8221;{}&#8221;][\/et_pb_blurb][et_pb_blurb title=&#8221;poszerzenie \u015bwiadomo\u015b\u0107 w\u0142asnych cel\u00f3w wychowywania&#8221; use_icon=&#8221;on&#8221; font_icon=&#8221;&#xe052;||divi||400&#8243; icon_color=&#8221;#007aff&#8221; icon_placement=&#8221;left&#8221; content_max_width=&#8221;800px&#8221; _builder_version=&#8221;4.23&#8243; header_font=&#8221;PT Sans|700|||||||&#8221; header_text_color=&#8221;#2a3749&#8243; header_font_size=&#8221;16px&#8221; header_line_height=&#8221;1.9em&#8221; custom_padding=&#8221;|43px||||&#8221; locked=&#8221;off&#8221; global_colors_info=&#8221;{}&#8221;][\/et_pb_blurb][et_pb_button button_url=&#8221;https:\/\/programyrekomendowane.pl\/strony\/artykuly\/fred-goes-net,17&#8243; url_new_window=&#8221;on&#8221; button_text=&#8221;Wi\u0119cej informacji&#8221; button_alignment=&#8221;center&#8221; _builder_version=&#8221;4.18.0&#8243; _module_preset=&#8221;default&#8221; custom_button=&#8221;on&#8221; button_text_size=&#8221;12px&#8221; button_text_color=&#8221;#ffffff&#8221; button_bg_color=&#8221;#007aff&#8221; button_border_width=&#8221;0px&#8221; button_border_radius=&#8221;100px&#8221; button_letter_spacing=&#8221;2px&#8221; button_font=&#8221;PT Sans|900||on|||||&#8221; button_use_icon=&#8221;off&#8221; custom_margin=&#8221;||40px||false|false&#8221; custom_padding=&#8221;20px|30px|20px|30px|true|true&#8221; box_shadow_style=&#8221;preset3&#8243; box_shadow_blur=&#8221;28px&#8221; box_shadow_spread=&#8221;-10px&#8221; box_shadow_color=&#8221;rgba(0,122,255,0.33)&#8221; global_colors_info=&#8221;{}&#8221;][\/et_pb_button][\/et_pb_column][et_pb_column type=&#8221;2_3&#8243; _builder_version=&#8221;4.16&#8243; custom_padding=&#8221;||||false|false&#8221; global_colors_info=&#8221;{}&#8221;][et_pb_text quote_border_weight=&#8221;8px&#8221; quote_border_color=&#8221;#f9ce6e&#8221; _builder_version=&#8221;4.18.0&#8243; header_2_font=&#8221;Playfair Display|700|||||||&#8221; header_2_text_color=&#8221;#2A3749&#8243; header_2_font_size=&#8221;42px&#8221; header_2_line_height=&#8221;1.1em&#8221; header_3_font=&#8221;Playfair Display|700|||||||&#8221; header_3_font_size=&#8221;40px&#8221; header_3_line_height=&#8221;1.2em&#8221; custom_padding=&#8221;||||false|false&#8221; header_2_font_size_tablet=&#8221;38px&#8221; header_2_font_size_phone=&#8221;25px&#8221; header_2_font_size_last_edited=&#8221;on|desktop&#8221; header_3_font_size_tablet=&#8221;34px&#8221; header_3_font_size_phone=&#8221;24px&#8221; header_3_font_size_last_edited=&#8221;on|phone&#8221; locked=&#8221;off&#8221; global_colors_info=&#8221;{}&#8221;]<\/p>\n<blockquote>\n<h3>Program<\/h3>\n<\/blockquote>\n<p>[\/et_pb_text][et_pb_text _builder_version=&#8221;4.23&#8243; text_font=&#8221;PT Sans||||||||&#8221; text_text_color=&#8221;#62748a&#8221; text_font_size=&#8221;16px&#8221; text_line_height=&#8221;1.8em&#8221; text_font_size_tablet=&#8221;&#8221; text_font_size_phone=&#8221;14px&#8221; text_font_size_last_edited=&#8221;on|desktop&#8221; locked=&#8221;off&#8221; global_colors_info=&#8221;{}&#8221;]<\/p>\n<div class=\"x11i5rnm xat24cr x1mh8g0r x1vvkbs xtlvy1s x126k92a\">\n<div dir=\"auto\">Program ma na celu zwi\u0119kszenie umiej\u0119tno\u015bci wychowawczych oraz zmian\u0119 postaw<br \/>wychowawczych rodzic\u00f3w\/ wychowawc\u00f3w na takie, kt\u00f3re by zapobiega\u0142y lub<br \/>minimalizowa\u0142y wyst\u0105pienie zachowa\u0144 problemowych\/ryzykownych dzieci m\u0142odzie\u017cy<\/div>\n<div dir=\"auto\"><\/div>\n<div dir=\"auto\">Program Szko\u0142a dla Rodzic\u00f3w i Wychowawc\u00f3w jest realizowany w formie 10 warsztat\u00f3w<br \/>psychologicznych (40 godzin dydaktycznych). Liczebno\u015b\u0107 grupy wynosi na og\u00f3\u0142 10 \u2013 15<br \/>os\u00f3b. Zaj\u0119cia zawieraj\u0105 kr\u00f3tkie om\u00f3wienia temat\u00f3w, a przede wszystkim \u0107wiczenia (np.<br \/>dramy), debaty, odwo\u0142ania do do\u015bwiadcze\u0144 z w\u0142asnego dzieci\u0144stwa. Cennym elementem<br \/>edukuj\u0105cym jest r\u00f3wnie\u017c wymiana do\u015bwiadcze\u0144 rodzicielskich mi\u0119dzy uczestnikami oraz<br \/>tzw. praca domowa, czyli praktyczne zastosowanie w domu, w relacji z dzieckiem,<br \/>nabytych w trakcie zaj\u0119\u0107 umiej\u0119tno\u015bci.<\/div>\n<div dir=\"auto\"><\/div>\n<div dir=\"auto\">Tematyka zaj\u0119\u0107 obejmuje: nauk\u0119 umiej\u0119tno\u015bci rozpoznawania i rozmawiania o<br \/>uczuciach, stawiania jasnych granic i wymaga\u0144, zach\u0119cania dzieci do wsp\u00f3\u0142pracy,<br \/>wspierania samodzielno\u015bci dzieci czy rozwi\u0105zywania problem\u00f3w i konflikt\u00f3w. Kolejne<br \/>tematy pozwalaj\u0105 pozna\u0107 sposoby uczenia dzieci samodyscypliny, uwalnianie od grania<br \/>r\u00f3l i niekorzystnego etykietowania oraz wzmacnianie ich poczucia w\u0142asnej warto\u015bci. W<br \/>tym podstawowym module uczestnicy poszerzaj\u0105 \u015bwiadomo\u015b\u0107 w\u0142asnych cel\u00f3w<br \/>wychowywania.<\/div>\n<\/div>\n<p>[\/et_pb_text][\/et_pb_column][\/et_pb_row][\/et_pb_section]<\/p>\n","protected":false},"excerpt":{"rendered":"<p>Metody Program Program ma na celu zwi\u0119kszenie umiej\u0119tno\u015bci wychowawczych oraz zmian\u0119 postawwychowawczych rodzic\u00f3w\/ wychowawc\u00f3w na takie, kt\u00f3re by zapobiega\u0142y lubminimalizowa\u0142y wyst\u0105pienie zachowa\u0144 problemowych\/ryzykownych dzieci m\u0142odzie\u017cy Program Szko\u0142a dla Rodzic\u00f3w i Wychowawc\u00f3w jest realizowany w formie 10 warsztat\u00f3wpsychologicznych (40 godzin dydaktycznych). Liczebno\u015b\u0107 grupy wynosi na og\u00f3\u0142 10 \u2013 15os\u00f3b. Zaj\u0119cia zawieraj\u0105 kr\u00f3tkie om\u00f3wienia temat\u00f3w, a przede [&hellip;]<\/p>\n","protected":false},"author":2,"featured_media":0,"parent":0,"menu_order":0,"comment_status":"closed","ping_status":"closed","template":"","meta":{"_et_pb_use_builder":"on","_et_pb_old_content":"","_et_gb_content_width":"","footnotes":""},"class_list":["post-1599","page","type-page","status-publish","hentry"],"_links":{"self":[{"href":"https:\/\/fdrs.org.pl\/index.php\/wp-json\/wp\/v2\/pages\/1599","targetHints":{"allow":["GET"]}}],"collection":[{"href":"https:\/\/fdrs.org.pl\/index.php\/wp-json\/wp\/v2\/pages"}],"about":[{"href":"https:\/\/fdrs.org.pl\/index.php\/wp-json\/wp\/v2\/types\/page"}],"author":[{"embeddable":true,"href":"https:\/\/fdrs.org.pl\/index.php\/wp-json\/wp\/v2\/users\/2"}],"replies":[{"embeddable":true,"href":"https:\/\/fdrs.org.pl\/index.php\/wp-json\/wp\/v2\/comments?post=1599"}],"version-history":[{"count":5,"href":"https:\/\/fdrs.org.pl\/index.php\/wp-json\/wp\/v2\/pages\/1599\/revisions"}],"predecessor-version":[{"id":1613,"href":"https:\/\/fdrs.org.pl\/index.php\/wp-json\/wp\/v2\/pages\/1599\/revisions\/1613"}],"wp:attachment":[{"href":"https:\/\/fdrs.org.pl\/index.php\/wp-json\/wp\/v2\/media?parent=1599"}],"curies":[{"name":"wp","href":"https:\/\/api.w.org\/{rel}","templated":true}]}}