{"id":1639,"date":"2025-07-20T21:32:04","date_gmt":"2025-07-20T19:32:04","guid":{"rendered":"https:\/\/fdrs.org.pl\/?page_id=1639"},"modified":"2025-07-20T21:32:54","modified_gmt":"2025-07-20T19:32:54","slug":"1639-2","status":"publish","type":"page","link":"https:\/\/fdrs.org.pl\/index.php\/pl\/1639-2\/","title":{"rendered":"Kroki w cyber\u015bwiecie &#8211; alternatywny"},"content":{"rendered":"<p>[et_pb_section fb_built=&#8221;1&#8243; _builder_version=&#8221;4.18.0&#8243; _module_preset=&#8221;default&#8221; custom_padding=&#8221;||27px|||&#8221; global_colors_info=&#8221;{}&#8221; theme_builder_area=&#8221;post_content&#8221;][et_pb_row _builder_version=&#8221;4.18.0&#8243; _module_preset=&#8221;default&#8221; global_colors_info=&#8221;{}&#8221; theme_builder_area=&#8221;post_content&#8221;][et_pb_column type=&#8221;4_4&#8243; _builder_version=&#8221;4.18.0&#8243; _module_preset=&#8221;default&#8221; global_colors_info=&#8221;{}&#8221; theme_builder_area=&#8221;post_content&#8221;][et_pb_image src=&#8221;https:\/\/fdrs.org.pl\/wp-content\/uploads\/2025\/07\/2088c934-59f9-4277-ad4a-f5d26fa1c592.jpg&#8221; title_text=&#8221;2088c934-59f9-4277-ad4a-f5d26fa1c592&#8243; _builder_version=&#8221;4.23&#8243; _module_preset=&#8221;default&#8221; global_colors_info=&#8221;{}&#8221; theme_builder_area=&#8221;post_content&#8221;][\/et_pb_image][\/et_pb_column][\/et_pb_row][\/et_pb_section][et_pb_section fb_built=&#8221;1&#8243; admin_label=&#8221;About&#8221; _builder_version=&#8221;4.16&#8243; custom_padding=&#8221;3px|||||&#8221; global_colors_info=&#8221;{}&#8221; theme_builder_area=&#8221;post_content&#8221;][et_pb_row column_structure=&#8221;1_3,2_3&#8243; _builder_version=&#8221;4.18.0&#8243; custom_margin=&#8221;||||false|false&#8221; custom_padding=&#8221;||||false|false&#8221; global_colors_info=&#8221;{}&#8221; theme_builder_area=&#8221;post_content&#8221;][et_pb_column type=&#8221;1_3&#8243; _builder_version=&#8221;4.16&#8243; global_colors_info=&#8221;{}&#8221; theme_builder_area=&#8221;post_content&#8221;][et_pb_text _builder_version=&#8221;4.18.0&#8243; text_font=&#8221;PT Sans||||||||&#8221; text_font_size=&#8221;16px&#8221; text_line_height=&#8221;1.8em&#8221; header_2_font=&#8221;Playfair Display|700|||||||&#8221; header_2_font_size=&#8221;37px&#8221; header_2_line_height=&#8221;1.3em&#8221; header_2_font_size_tablet=&#8221;32px&#8221; header_2_font_size_phone=&#8221;24px&#8221; header_2_font_size_last_edited=&#8221;on|tablet&#8221; locked=&#8221;off&#8221; global_colors_info=&#8221;{}&#8221; theme_builder_area=&#8221;post_content&#8221;]<\/p>\n<h2><span>Wybrane korzy\u015bci<\/span><\/h2>\n<section class=\"elementor-element elementor-element-e69481b elementor-section-boxed elementor-section-height-default elementor-section-height-default elementor-section elementor-top-section\" data-id=\"e69481b\" data-element_type=\"section\">\n<div class=\"elementor-container elementor-column-gap-default\">\n<div class=\"elementor-row\">\n<div class=\"elementor-element elementor-element-7e6f417 elementor-column elementor-col-100 elementor-top-column\" data-id=\"7e6f417\" data-element_type=\"column\">\n<div class=\"elementor-column-wrap elementor-element-populated\">\n<div class=\"elementor-widget-wrap\">\n<div class=\"elementor-element elementor-element-e23c027 elementor-widget elementor-widget-text-editor\" data-id=\"e23c027\" data-element_type=\"widget\" data-widget_type=\"text-editor.default\">\n<div class=\"elementor-widget-container\">\n<div class=\"elementor-text-editor elementor-clearfix\"><\/div>\n<\/div>\n<\/div>\n<\/div>\n<\/div>\n<\/div>\n<\/div>\n<\/div>\n<\/section>\n<p>[\/et_pb_text][et_pb_blurb title=&#8221;Szkolenia dla realizator\u00f3w&#8221; use_icon=&#8221;on&#8221; font_icon=&#8221;&#xe052;||divi||400&#8243; icon_color=&#8221;#007aff&#8221; icon_placement=&#8221;left&#8221; content_max_width=&#8221;800px&#8221; _builder_version=&#8221;4.23&#8243; header_font=&#8221;PT Sans|700|||||||&#8221; header_text_color=&#8221;#2a3749&#8243; header_font_size=&#8221;24px&#8221; header_line_height=&#8221;1.9em&#8221; hover_enabled=&#8221;0&#8243; locked=&#8221;off&#8221; global_colors_info=&#8221;{}&#8221; theme_builder_area=&#8221;post_content&#8221; sticky_enabled=&#8221;0&#8243;][\/et_pb_blurb][et_pb_blurb title=&#8221;Profilaktyka uzale\u017cnie\u0144 behawioralnych (uniwersalna)&#8221; use_icon=&#8221;on&#8221; font_icon=&#8221;&#xe052;||divi||400&#8243; icon_color=&#8221;#007aff&#8221; icon_placement=&#8221;left&#8221; content_max_width=&#8221;800px&#8221; _builder_version=&#8221;4.23&#8243; header_font=&#8221;PT Sans|700|||||||&#8221; header_text_color=&#8221;#2a3749&#8243; header_font_size=&#8221;24px&#8221; header_line_height=&#8221;1.9em&#8221; hover_enabled=&#8221;0&#8243; locked=&#8221;off&#8221; global_colors_info=&#8221;{}&#8221; theme_builder_area=&#8221;post_content&#8221; sticky_enabled=&#8221;0&#8243;][\/et_pb_blurb][et_pb_blurb title=&#8221;10 zaj\u0119\u0107 lekcyjnych w klasie, realizowanych jeden raz w tygodniu&#8221; use_icon=&#8221;on&#8221; font_icon=&#8221;&#xe052;||divi||400&#8243; icon_color=&#8221;#007aff&#8221; icon_placement=&#8221;left&#8221; content_max_width=&#8221;800px&#8221; _builder_version=&#8221;4.23&#8243; header_font=&#8221;PT Sans|700|||||||&#8221; header_text_color=&#8221;#2a3749&#8243; header_font_size=&#8221;24px&#8221; header_line_height=&#8221;1.9em&#8221; custom_padding=&#8221;|3px||||&#8221; hover_enabled=&#8221;0&#8243; locked=&#8221;off&#8221; global_colors_info=&#8221;{}&#8221; theme_builder_area=&#8221;post_content&#8221; sticky_enabled=&#8221;0&#8243;][\/et_pb_blurb][\/et_pb_column][et_pb_column type=&#8221;2_3&#8243; _builder_version=&#8221;4.16&#8243; custom_padding=&#8221;||||false|false&#8221; global_colors_info=&#8221;{}&#8221; theme_builder_area=&#8221;post_content&#8221;][et_pb_text quote_border_weight=&#8221;8px&#8221; quote_border_color=&#8221;#f9ce6e&#8221; _builder_version=&#8221;4.18.0&#8243; header_2_font=&#8221;Playfair Display|700|||||||&#8221; header_2_text_color=&#8221;#2A3749&#8243; header_2_font_size=&#8221;42px&#8221; header_2_line_height=&#8221;1.1em&#8221; header_3_font=&#8221;Playfair Display|700|||||||&#8221; header_3_font_size=&#8221;40px&#8221; header_3_line_height=&#8221;1.2em&#8221; custom_padding=&#8221;||||false|false&#8221; header_2_font_size_tablet=&#8221;38px&#8221; header_2_font_size_phone=&#8221;25px&#8221; header_2_font_size_last_edited=&#8221;on|desktop&#8221; header_3_font_size_tablet=&#8221;34px&#8221; header_3_font_size_phone=&#8221;24px&#8221; header_3_font_size_last_edited=&#8221;on|phone&#8221; locked=&#8221;off&#8221; global_colors_info=&#8221;{}&#8221; theme_builder_area=&#8221;post_content&#8221;]<\/p>\n<blockquote>\n<h3>Program<\/h3>\n<\/blockquote>\n<p>[\/et_pb_text][et_pb_text _builder_version=&#8221;4.23&#8243; text_font=&#8221;PT Sans||||||||&#8221; text_text_color=&#8221;#62748a&#8221; text_font_size=&#8221;24px&#8221; text_line_height=&#8221;1.8em&#8221; hover_enabled=&#8221;0&#8243; text_font_size_tablet=&#8221;&#8221; text_font_size_phone=&#8221;14px&#8221; text_font_size_last_edited=&#8221;on|desktop&#8221; locked=&#8221;off&#8221; global_colors_info=&#8221;{}&#8221; theme_builder_area=&#8221;post_content&#8221; sticky_enabled=&#8221;0&#8243;]<\/p>\n<p>\ud83d\udd34 <span style=\"color: #ff0000;\"><strong>WSP\u00d3LNE KROKI W CYBER\u015aWIECIE &#8211; SZKOLENIA DLA REALIZATOR\u00d3W<\/strong><\/span>\u00a0\ud83d\udd34<\/p>\n<p>Wsp\u00f3lne kroki w Cyber\u015bwiecie \u2013 przeprowadzamy szkolenia dla realizator\u00f3w- nauczycieli klas III,<br \/>pedagog\u00f3w, psycholog\u00f3w, nauczycieli wsp\u00f3\u0142organizuj\u0105cych kszta\u0142cenie w klasach III<\/p>\n<p><strong>O programie:<\/strong><br \/>dla uczni\u00f3w klas III szko\u0142y podstawowej &#8211; profilaktyka uzale\u017cnie\u0144 behawioralnych (uniwersalna)<br \/>Podstawowym celem programu rekomendowanego: Wsp\u00f3lne kroki w Cyber\u015bwiecie jest ukszta\u0142towanie<br \/>w\u015br\u00f3d uczni\u00f3w klas III szk\u00f3\u0142 podstawowych wiedzy i umiej\u0119tno\u015bci, kt\u00f3re sprzyjaj\u0105 bezpiecznemu<br \/>korzystaniu z Internetu i medi\u00f3w elektronicznych oraz chroni\u0105 przed uzale\u017cnieniem od nich.<\/p>\n<p>\u2756Program wp\u0142ywa na:<br \/>\ud83d\udd17 wzmocnienie umiej\u0119tno\u015bci radzenia sobie z emocjami,<br \/>\ud83d\udd17 wzmocnienie umiej\u0119tno\u015bci komunikowania si\u0119 i budowania relacji z innymi,<br \/>\ud83d\udd17 zwi\u0119kszenie wiedzy i umiej\u0119tno\u015bci na temat bezpiecznego korzystania z Internetu i innych<br \/>medi\u00f3w elektronicznych,<br \/>\ud83d\udd17 zwi\u0119kszenie wiedzy na temat zagro\u017ce\u0144 wi\u0105\u017c\u0105cych si\u0119 z korzystaniem z Internetu i medi\u00f3w<br \/>elektronicznych, w tym: cyberprzemocy, hejtu i innych zachowa\u0144 antyspo\u0142ecznych w sieci.<\/p>\n<p>\u2756Realizacja programu odbywa si\u0119 wed\u0142ug schematu:<br \/>\ud83d\udd17 spotkanie wprowadzaj\u0105ce do programu z rodzicami\/opiekunami,<br \/>\ud83d\udd17 10 zaj\u0119\u0107 lekcyjnych w klasie, realizowanych jeden raz w tygodniu,<br \/>\ud83d\udd17 spotkanie podsumowuj\u0105ce z dzie\u0107mi i ich rodzicami\/opiekunami &#8211; gra terenowa.<\/p>\n<p>[\/et_pb_text][\/et_pb_column][\/et_pb_row][\/et_pb_section]<\/p>\n","protected":false},"excerpt":{"rendered":"<p>Wybrane korzy\u015bci Program \ud83d\udd34 WSP\u00d3LNE KROKI W CYBER\u015aWIECIE &#8211; SZKOLENIA DLA REALIZATOR\u00d3W\u00a0\ud83d\udd34 Wsp\u00f3lne kroki w Cyber\u015bwiecie \u2013 przeprowadzamy szkolenia dla realizator\u00f3w- nauczycieli klas III,pedagog\u00f3w, psycholog\u00f3w, nauczycieli wsp\u00f3\u0142organizuj\u0105cych kszta\u0142cenie w klasach III O programie:dla uczni\u00f3w klas III szko\u0142y podstawowej &#8211; profilaktyka uzale\u017cnie\u0144 behawioralnych (uniwersalna)Podstawowym celem programu rekomendowanego: Wsp\u00f3lne kroki w Cyber\u015bwiecie jest ukszta\u0142towaniew\u015br\u00f3d uczni\u00f3w klas III [&hellip;]<\/p>\n","protected":false},"author":2,"featured_media":0,"parent":0,"menu_order":0,"comment_status":"closed","ping_status":"closed","template":"","meta":{"_et_pb_use_builder":"on","_et_pb_old_content":"","_et_gb_content_width":"","footnotes":""},"class_list":["post-1639","page","type-page","status-publish","hentry"],"_links":{"self":[{"href":"https:\/\/fdrs.org.pl\/index.php\/wp-json\/wp\/v2\/pages\/1639","targetHints":{"allow":["GET"]}}],"collection":[{"href":"https:\/\/fdrs.org.pl\/index.php\/wp-json\/wp\/v2\/pages"}],"about":[{"href":"https:\/\/fdrs.org.pl\/index.php\/wp-json\/wp\/v2\/types\/page"}],"author":[{"embeddable":true,"href":"https:\/\/fdrs.org.pl\/index.php\/wp-json\/wp\/v2\/users\/2"}],"replies":[{"embeddable":true,"href":"https:\/\/fdrs.org.pl\/index.php\/wp-json\/wp\/v2\/comments?post=1639"}],"version-history":[{"count":3,"href":"https:\/\/fdrs.org.pl\/index.php\/wp-json\/wp\/v2\/pages\/1639\/revisions"}],"predecessor-version":[{"id":1643,"href":"https:\/\/fdrs.org.pl\/index.php\/wp-json\/wp\/v2\/pages\/1639\/revisions\/1643"}],"wp:attachment":[{"href":"https:\/\/fdrs.org.pl\/index.php\/wp-json\/wp\/v2\/media?parent=1639"}],"curies":[{"name":"wp","href":"https:\/\/api.w.org\/{rel}","templated":true}]}}