{"id":1644,"date":"2025-07-20T21:35:08","date_gmt":"2025-07-20T19:35:08","guid":{"rendered":"https:\/\/fdrs.org.pl\/?page_id=1644"},"modified":"2025-07-20T21:35:08","modified_gmt":"2025-07-20T19:35:08","slug":"program-wzmacniania-rodziny-alternatywny","status":"publish","type":"page","link":"https:\/\/fdrs.org.pl\/index.php\/pl\/program-wzmacniania-rodziny-alternatywny\/","title":{"rendered":"Program Wzmacniania Rodziny &#8211; alternatywny"},"content":{"rendered":"<p>[et_pb_section fb_built=&#8221;1&#8243; _builder_version=&#8221;4.18.0&#8243; _module_preset=&#8221;default&#8221; custom_padding=&#8221;||27px|||&#8221; global_colors_info=&#8221;{}&#8221; theme_builder_area=&#8221;post_content&#8221;][et_pb_row _builder_version=&#8221;4.18.0&#8243; _module_preset=&#8221;default&#8221; global_colors_info=&#8221;{}&#8221; theme_builder_area=&#8221;post_content&#8221;][et_pb_column type=&#8221;4_4&#8243; _builder_version=&#8221;4.18.0&#8243; _module_preset=&#8221;default&#8221; global_colors_info=&#8221;{}&#8221; theme_builder_area=&#8221;post_content&#8221;][et_pb_image src=&#8221;https:\/\/fdrs.org.pl\/wp-content\/uploads\/2025\/07\/cf1d69d9-afd2-47ea-a8a3-c01940379944.jpg&#8221; title_text=&#8221;cf1d69d9-afd2-47ea-a8a3-c01940379944&#8243; _builder_version=&#8221;4.23&#8243; _module_preset=&#8221;default&#8221; global_colors_info=&#8221;{}&#8221; theme_builder_area=&#8221;post_content&#8221;][\/et_pb_image][\/et_pb_column][\/et_pb_row][\/et_pb_section][et_pb_section fb_built=&#8221;1&#8243; admin_label=&#8221;About&#8221; _builder_version=&#8221;4.16&#8243; custom_padding=&#8221;3px|||||&#8221; global_colors_info=&#8221;{}&#8221; theme_builder_area=&#8221;post_content&#8221;][et_pb_row column_structure=&#8221;1_3,2_3&#8243; _builder_version=&#8221;4.18.0&#8243; custom_margin=&#8221;||||false|false&#8221; custom_padding=&#8221;||||false|false&#8221; global_colors_info=&#8221;{}&#8221; theme_builder_area=&#8221;post_content&#8221;][et_pb_column type=&#8221;1_3&#8243; _builder_version=&#8221;4.16&#8243; global_colors_info=&#8221;{}&#8221; theme_builder_area=&#8221;post_content&#8221;][et_pb_text _builder_version=&#8221;4.18.0&#8243; text_font=&#8221;PT Sans||||||||&#8221; text_font_size=&#8221;16px&#8221; text_line_height=&#8221;1.8em&#8221; header_2_font=&#8221;Playfair Display|700|||||||&#8221; header_2_font_size=&#8221;37px&#8221; header_2_line_height=&#8221;1.3em&#8221; header_2_font_size_tablet=&#8221;32px&#8221; header_2_font_size_phone=&#8221;24px&#8221; header_2_font_size_last_edited=&#8221;on|tablet&#8221; locked=&#8221;off&#8221; global_colors_info=&#8221;{}&#8221; theme_builder_area=&#8221;post_content&#8221;]<\/p>\n<h2><span>Wybrane korzy\u015bci<\/span><\/h2>\n<section class=\"elementor-element elementor-element-e69481b elementor-section-boxed elementor-section-height-default elementor-section-height-default elementor-section elementor-top-section\" data-id=\"e69481b\" data-element_type=\"section\">\n<div class=\"elementor-container elementor-column-gap-default\">\n<div class=\"elementor-row\">\n<div class=\"elementor-element elementor-element-7e6f417 elementor-column elementor-col-100 elementor-top-column\" data-id=\"7e6f417\" data-element_type=\"column\">\n<div class=\"elementor-column-wrap elementor-element-populated\">\n<div class=\"elementor-widget-wrap\">\n<div class=\"elementor-element elementor-element-e23c027 elementor-widget elementor-widget-text-editor\" data-id=\"e23c027\" data-element_type=\"widget\" data-widget_type=\"text-editor.default\">\n<div class=\"elementor-widget-container\">\n<div class=\"elementor-text-editor elementor-clearfix\"><\/div>\n<\/div>\n<\/div>\n<\/div>\n<\/div>\n<\/div>\n<\/div>\n<\/div>\n<\/section>\n<p>[\/et_pb_text][et_pb_blurb title=&#8221;Program jest realizowany w dw\u00f3ch zasadniczych cyklach \u2013 sesje podstawowe i przypominaj\u0105ce.&#8221; use_icon=&#8221;on&#8221; font_icon=&#8221;&#xe052;||divi||400&#8243; icon_color=&#8221;#007aff&#8221; icon_placement=&#8221;left&#8221; content_max_width=&#8221;800px&#8221; _builder_version=&#8221;4.23&#8243; header_font=&#8221;PT Sans|700|||||||&#8221; header_text_color=&#8221;#2a3749&#8243; header_font_size=&#8221;24px&#8221; header_line_height=&#8221;1.9em&#8221; hover_enabled=&#8221;0&#8243; locked=&#8221;off&#8221; global_colors_info=&#8221;{}&#8221; theme_builder_area=&#8221;post_content&#8221; sticky_enabled=&#8221;0&#8243;][\/et_pb_blurb][et_pb_blurb title=&#8221;Program jest prowadzony metod\u0105 warsztatow\u0105.&#8221; use_icon=&#8221;on&#8221; font_icon=&#8221;&#xe052;||divi||400&#8243; icon_color=&#8221;#007aff&#8221; icon_placement=&#8221;left&#8221; content_max_width=&#8221;800px&#8221; _builder_version=&#8221;4.23&#8243; header_font=&#8221;PT Sans|700|||||||&#8221; header_text_color=&#8221;#2a3749&#8243; header_font_size=&#8221;24px&#8221; header_line_height=&#8221;1.9em&#8221; hover_enabled=&#8221;0&#8243; locked=&#8221;off&#8221; global_colors_info=&#8221;{}&#8221; theme_builder_area=&#8221;post_content&#8221; sticky_enabled=&#8221;0&#8243;][\/et_pb_blurb][et_pb_blurb title=&#8221;W warsztatach mo\u017ce jednocze\u015bnie uczestniczy\u0107 maksymalnie 12 rodzin.&#8221; use_icon=&#8221;on&#8221; font_icon=&#8221;&#xe052;||divi||400&#8243; icon_color=&#8221;#007aff&#8221; icon_placement=&#8221;left&#8221; content_max_width=&#8221;800px&#8221; _builder_version=&#8221;4.23&#8243; header_font=&#8221;PT Sans|700|||||||&#8221; header_text_color=&#8221;#2a3749&#8243; header_font_size=&#8221;24px&#8221; header_line_height=&#8221;1.9em&#8221; custom_padding=&#8221;|3px||||&#8221; hover_enabled=&#8221;0&#8243; locked=&#8221;off&#8221; global_colors_info=&#8221;{}&#8221; theme_builder_area=&#8221;post_content&#8221; sticky_enabled=&#8221;0&#8243;][\/et_pb_blurb][\/et_pb_column][et_pb_column type=&#8221;2_3&#8243; _builder_version=&#8221;4.16&#8243; custom_padding=&#8221;||||false|false&#8221; global_colors_info=&#8221;{}&#8221; theme_builder_area=&#8221;post_content&#8221;][et_pb_text quote_border_weight=&#8221;8px&#8221; quote_border_color=&#8221;#f9ce6e&#8221; _builder_version=&#8221;4.18.0&#8243; header_2_font=&#8221;Playfair Display|700|||||||&#8221; header_2_text_color=&#8221;#2A3749&#8243; header_2_font_size=&#8221;42px&#8221; header_2_line_height=&#8221;1.1em&#8221; header_3_font=&#8221;Playfair Display|700|||||||&#8221; header_3_font_size=&#8221;40px&#8221; header_3_line_height=&#8221;1.2em&#8221; custom_padding=&#8221;||||false|false&#8221; header_2_font_size_tablet=&#8221;38px&#8221; header_2_font_size_phone=&#8221;25px&#8221; header_2_font_size_last_edited=&#8221;on|desktop&#8221; header_3_font_size_tablet=&#8221;34px&#8221; header_3_font_size_phone=&#8221;24px&#8221; header_3_font_size_last_edited=&#8221;on|phone&#8221; locked=&#8221;off&#8221; global_colors_info=&#8221;{}&#8221; theme_builder_area=&#8221;post_content&#8221;]<\/p>\n<blockquote>\n<h3>Program<\/h3>\n<\/blockquote>\n<p>[\/et_pb_text][et_pb_text _builder_version=&#8221;4.23&#8243; text_font=&#8221;PT Sans||||||||&#8221; text_text_color=&#8221;#62748a&#8221; text_font_size=&#8221;24px&#8221; text_line_height=&#8221;1.8em&#8221; hover_enabled=&#8221;0&#8243; text_font_size_tablet=&#8221;&#8221; text_font_size_phone=&#8221;14px&#8221; text_font_size_last_edited=&#8221;on|desktop&#8221; locked=&#8221;off&#8221; global_colors_info=&#8221;{}&#8221; theme_builder_area=&#8221;post_content&#8221; sticky_enabled=&#8221;0&#8243;]<\/p>\n<p>\ud83d\udd34 <span style=\"color: #ff0000;\"><strong>PROGRAM WZMACNIANIA RODZINY 10-14<\/strong><\/span> \ud83d\udd34<\/p>\n<p>Jest to cykl warsztat\u00f3w maj\u0105cych na celu wzmocnienie relacji w rodzinie.<\/p>\n<p>Program jest realizowany w dw\u00f3ch zasadniczych cyklach \u2013 sesje podstawowe i przypominaj\u0105ce.<br \/>Warsztaty w zakresie sesji podstawowych odbywaj\u0105 si\u0119 w okresie 7 tygodni z cz\u0119stotliwo\u015bci\u0105 spotka\u0144<br \/>jeden raz w tygodniu po 2 godziny. Cykl zaj\u0119\u0107 przypominaj\u0105cych trwa 4 tygodnie i mo\u017ce odby\u0107 si\u0119 w<br \/>okresie 3-12 miesi\u0105cy od zako\u0144czenia cz\u0119\u015bci podstawowej.<\/p>\n<p>Program jest prowadzony metod\u0105 warsztatow\u0105 w formie sesji dla rodzic\u00f3w, dla m\u0142odzie\u017cy i rodzinnych.<br \/>Sesje dla rodzic\u00f3w i m\u0142odzie\u017cy odbywaj\u0105 si\u0119 r\u00f3wnolegle w tym samym czasie. Po ich zako\u0144czeniu<br \/>rodziny wsp\u00f3lnie uczestnicz\u0105 w sesji rodzinnej. Nieocenionym i najwa\u017cniejszym elementem programu<br \/>jest wsp\u00f3lna praca rodzic\u00f3w i dzieci poprzez gry i zabawy oraz kierowan\u0105 dyskusj\u0119. Wszyscy uczestnicy<br \/>zaj\u0119\u0107 otrzymuj\u0105 materia\u0142y edukacyjne, nad kt\u00f3rymi pracuj\u0105 w domu, doskonal\u0105c nabyte umiej\u0119tno\u015bci. W<br \/>warsztatach mo\u017ce jednocze\u015bnie uczestniczy\u0107 maksymalnie 12 rodzin.<\/p>\n<p><strong>Tematyka zaj\u0119\u0107:<\/strong><\/p>\n<p>\u2756 Sesje dla rodzic\u00f3w:<br \/>\ud83d\udd17 Mi\u0142o\u015b\u0107 i granice.<br \/>\ud83d\udd17\u00a0Ustalanie zasad domowych.<br \/>\ud83d\udd17\u00a0Promowanie dobrego zachowania.<br \/>\ud83d\udd17\u00a0Wyci\u0105ganie konsekwencji.<br \/>\ud83d\udd17\u00a0Budowanie most\u00f3w.<br \/>\ud83d\udd17\u00a0Ochrona przed u\u017cywaniem substancji psychoaktywnych.<br \/>\ud83d\udd17\u00a0Zapewnienie pomocy rodzinie w wyj\u0105tkowych sytuacjach.<\/p>\n<p>\u2756 Sesje dla m\u0142odzie\u017cy:<br \/>\ud83d\udd17\u00a0Cele i marzenia.<br \/>\ud83d\udd17\u00a0Doceni\u0107 rodzic\u00f3w.<br \/>\ud83d\udd17\u00a0Radzenie sobie ze stresem.<\/p>\n<p>\ud83d\udd17\u00a0Przestrzeganie zasad.<br \/>\ud83d\udd17\u00a0Radzenie sobie z presj\u0105 r\u00f3wie\u015bnicz\u0105.<br \/>\ud83d\udd17\u00a0Presja r\u00f3wie\u015bnicza i prawdziwi przyjaciele.<br \/>\ud83d\udd17\u00a0Prosz\u0105c innych o pomoc.<\/p>\n<p>\u2756 Sesje rodzinne:<br \/>\ud83d\udd17\u00a0Wspieranie cel\u00f3w i marze\u0144.<br \/>\ud83d\udd17\u00a0Doceni\u0107 cz\u0142onk\u00f3w rodziny.<br \/>\ud83d\udd17\u00a0Narady rodzinne.<br \/>\ud83d\udd17\u00a0Zrozumie\u0107 warto\u015bci rodzinne.<br \/>\ud83d\udd17\u00a0Rozwijanie komunikacji wewn\u0105trz rodziny.<br \/>\ud83d\udd17\u00a0Rodzina a presja r\u00f3wie\u015bnicza.<br \/>\ud83d\udd17\u00a0Podsumowanie<\/p>\n<p>\u2756 W trakcie zaj\u0119\u0107 rodzic nabywa wiedz\u0119, jak:<br \/>\u2733\ufe0fwspiera\u0107 swoje dziecko,<br \/>\u2733\ufe0fbudowa\u0107 relacje,<br \/>\u2733\ufe0fstawia\u0107 granice,<br \/>\u2733\ufe0fefektywnie wyci\u0105ga\u0107 konsekwencje,<br \/>\u2733\ufe0fchroni\u0107 dziecko przed u\u017cywaniem substancji psychoaktywnych.<\/p>\n<p>\u2756 W trakcie zaj\u0119\u0107 dziecko nabywa umiej\u0119tno\u015bci w zakresie:<br \/>\u2733\ufe0fstawiania i realizowania swoich cel\u00f3w i marze\u0144,<br \/>\u2733\ufe0fprzestrzegania zasad,<br \/>\u2733\ufe0fradzenia sobie ze stresem.<\/p>\n<p>[\/et_pb_text][\/et_pb_column][\/et_pb_row][\/et_pb_section]<\/p>\n","protected":false},"excerpt":{"rendered":"<p>Wybrane korzy\u015bci Program \ud83d\udd34 PROGRAM WZMACNIANIA RODZINY 10-14 \ud83d\udd34 Jest to cykl warsztat\u00f3w maj\u0105cych na celu wzmocnienie relacji w rodzinie. Program jest realizowany w dw\u00f3ch zasadniczych cyklach \u2013 sesje podstawowe i przypominaj\u0105ce.Warsztaty w zakresie sesji podstawowych odbywaj\u0105 si\u0119 w okresie 7 tygodni z cz\u0119stotliwo\u015bci\u0105 spotka\u0144jeden raz w tygodniu po 2 godziny. Cykl zaj\u0119\u0107 przypominaj\u0105cych trwa [&hellip;]<\/p>\n","protected":false},"author":2,"featured_media":0,"parent":0,"menu_order":0,"comment_status":"closed","ping_status":"closed","template":"","meta":{"_et_pb_use_builder":"on","_et_pb_old_content":"","_et_gb_content_width":"","footnotes":""},"class_list":["post-1644","page","type-page","status-publish","hentry"],"_links":{"self":[{"href":"https:\/\/fdrs.org.pl\/index.php\/wp-json\/wp\/v2\/pages\/1644","targetHints":{"allow":["GET"]}}],"collection":[{"href":"https:\/\/fdrs.org.pl\/index.php\/wp-json\/wp\/v2\/pages"}],"about":[{"href":"https:\/\/fdrs.org.pl\/index.php\/wp-json\/wp\/v2\/types\/page"}],"author":[{"embeddable":true,"href":"https:\/\/fdrs.org.pl\/index.php\/wp-json\/wp\/v2\/users\/2"}],"replies":[{"embeddable":true,"href":"https:\/\/fdrs.org.pl\/index.php\/wp-json\/wp\/v2\/comments?post=1644"}],"version-history":[{"count":2,"href":"https:\/\/fdrs.org.pl\/index.php\/wp-json\/wp\/v2\/pages\/1644\/revisions"}],"predecessor-version":[{"id":1647,"href":"https:\/\/fdrs.org.pl\/index.php\/wp-json\/wp\/v2\/pages\/1644\/revisions\/1647"}],"wp:attachment":[{"href":"https:\/\/fdrs.org.pl\/index.php\/wp-json\/wp\/v2\/media?parent=1644"}],"curies":[{"name":"wp","href":"https:\/\/api.w.org\/{rel}","templated":true}]}}