{"id":573,"date":"2022-10-30T08:53:50","date_gmt":"2022-10-30T07:53:50","guid":{"rendered":"https:\/\/dev.fdrs.org.pl\/?page_id=573"},"modified":"2022-10-30T08:56:45","modified_gmt":"2022-10-30T07:56:45","slug":"jas-i-malgosia-na-tropie","status":"publish","type":"page","link":"https:\/\/fdrs.org.pl\/index.php\/pl\/jas-i-malgosia-na-tropie\/","title":{"rendered":"&#8222;Ja\u015b i Ma\u0142gosia na tropie&#8221;"},"content":{"rendered":"<p>[et_pb_section fb_built=&#8221;1&#8243; theme_builder_area=&#8221;post_content&#8221; _builder_version=&#8221;4.18.0&#8243; _module_preset=&#8221;default&#8221; custom_padding=&#8221;||27px|||&#8221;][et_pb_row _builder_version=&#8221;4.18.0&#8243; _module_preset=&#8221;default&#8221; theme_builder_area=&#8221;post_content&#8221;][et_pb_column _builder_version=&#8221;4.18.0&#8243; _module_preset=&#8221;default&#8221; type=&#8221;4_4&#8243; theme_builder_area=&#8221;post_content&#8221;][et_pb_image src=&#8221;https:\/\/fdrs.org.pl\/wp-content\/uploads\/2022\/10\/241381336_915703292318711_5560449426239189472_n.jpeg&#8221; _builder_version=&#8221;4.18.0&#8243; _module_preset=&#8221;default&#8221; theme_builder_area=&#8221;post_content&#8221; title_text=&#8221;241381336_915703292318711_5560449426239189472_n&#8221; hover_enabled=&#8221;0&#8243; sticky_enabled=&#8221;0&#8243;][\/et_pb_image][\/et_pb_column][\/et_pb_row][\/et_pb_section][et_pb_section fb_built=&#8221;1&#8243; admin_label=&#8221;About&#8221; _builder_version=&#8221;4.16&#8243; global_colors_info=&#8221;{}&#8221; theme_builder_area=&#8221;post_content&#8221; custom_padding=&#8221;3px|||||&#8221;][et_pb_row column_structure=&#8221;1_3,2_3&#8243; _builder_version=&#8221;4.18.0&#8243; custom_margin=&#8221;||||false|false&#8221; custom_padding=&#8221;||||false|false&#8221; hover_enabled=&#8221;0&#8243; global_colors_info=&#8221;{}&#8221; theme_builder_area=&#8221;post_content&#8221; sticky_enabled=&#8221;0&#8243;][et_pb_column type=&#8221;1_3&#8243; _builder_version=&#8221;4.16&#8243; global_colors_info=&#8221;{}&#8221; theme_builder_area=&#8221;post_content&#8221;][et_pb_text _builder_version=&#8221;4.18.0&#8243; text_font=&#8221;PT Sans||||||||&#8221; text_font_size=&#8221;16px&#8221; text_line_height=&#8221;1.8em&#8221; header_2_font=&#8221;Playfair Display|700|||||||&#8221; header_2_font_size=&#8221;50px&#8221; header_2_line_height=&#8221;1.3em&#8221; hover_enabled=&#8221;0&#8243; header_2_font_size_tablet=&#8221;32px&#8221; header_2_font_size_phone=&#8221;24px&#8221; header_2_font_size_last_edited=&#8221;on|tablet&#8221; locked=&#8221;off&#8221; global_colors_info=&#8221;{}&#8221; theme_builder_area=&#8221;post_content&#8221; sticky_enabled=&#8221;0&#8243;]<\/p>\n<h2>Cele<\/h2>\n<section class=\"elementor-element elementor-element-e69481b elementor-section-boxed elementor-section-height-default elementor-section-height-default elementor-section elementor-top-section\" data-id=\"e69481b\" data-element_type=\"section\">\n<div class=\"elementor-container elementor-column-gap-default\">\n<div class=\"elementor-row\">\n<div class=\"elementor-element elementor-element-7e6f417 elementor-column elementor-col-100 elementor-top-column\" data-id=\"7e6f417\" data-element_type=\"column\">\n<div class=\"elementor-column-wrap elementor-element-populated\">\n<div class=\"elementor-widget-wrap\">\n<div class=\"elementor-element elementor-element-e23c027 elementor-widget elementor-widget-text-editor\" data-id=\"e23c027\" data-element_type=\"widget\" data-widget_type=\"text-editor.default\">\n<div class=\"elementor-widget-container\">\n<div class=\"elementor-text-editor elementor-clearfix\"><\/div>\n<\/div>\n<\/div>\n<\/div>\n<\/div>\n<\/div>\n<\/div>\n<\/div>\n<\/section>\n<p>[\/et_pb_text][et_pb_blurb title=&#8221;Op\u00f3\u017anienie inicjacji alkoholowej&#8221; use_icon=&#8221;on&#8221; font_icon=&#8221;&#xe052;||divi||400&#8243; icon_color=&#8221;#007aff&#8221; icon_placement=&#8221;left&#8221; content_max_width=&#8221;800px&#8221; _builder_version=&#8221;4.18.0&#8243; header_font=&#8221;PT Sans|700|||||||&#8221; header_text_color=&#8221;#2a3749&#8243; header_font_size=&#8221;16px&#8221; header_line_height=&#8221;1.9em&#8221; hover_enabled=&#8221;0&#8243; locked=&#8221;off&#8221; global_colors_info=&#8221;{}&#8221; theme_builder_area=&#8221;post_content&#8221; sticky_enabled=&#8221;0&#8243;][\/et_pb_blurb][et_pb_blurb title=&#8221;Zmniejszenie spo\u017cycia alkoholu w\u015br\u00f3d m\u0142odzie\u017cy&#8221; use_icon=&#8221;on&#8221; font_icon=&#8221;&#xe052;||divi||400&#8243; icon_color=&#8221;#007aff&#8221; icon_placement=&#8221;left&#8221; content_max_width=&#8221;800px&#8221; _builder_version=&#8221;4.18.0&#8243; header_font=&#8221;PT Sans|700|||||||&#8221; header_text_color=&#8221;#2a3749&#8243; header_font_size=&#8221;16px&#8221; header_line_height=&#8221;1.9em&#8221; hover_enabled=&#8221;0&#8243; locked=&#8221;off&#8221; global_colors_info=&#8221;{}&#8221; theme_builder_area=&#8221;post_content&#8221; sticky_enabled=&#8221;0&#8243;][\/et_pb_blurb][et_pb_blurb title=&#8221;Ograniczanie skali problem\u00f3w zwi\u0105zanych z piciem alkoholu przez nastolatki&#8221; use_icon=&#8221;on&#8221; font_icon=&#8221;&#xe052;||divi||400&#8243; icon_color=&#8221;#007aff&#8221; icon_placement=&#8221;left&#8221; content_max_width=&#8221;800px&#8221; _builder_version=&#8221;4.18.0&#8243; header_font=&#8221;PT Sans|700|||||||&#8221; header_text_color=&#8221;#2a3749&#8243; header_font_size=&#8221;16px&#8221; header_line_height=&#8221;1.9em&#8221; hover_enabled=&#8221;0&#8243; locked=&#8221;off&#8221; global_colors_info=&#8221;{}&#8221; theme_builder_area=&#8221;post_content&#8221; sticky_enabled=&#8221;0&#8243; custom_padding=&#8221;|43px||||&#8221;][\/et_pb_blurb][et_pb_button button_text=&#8221;Wi\u0119cej informacji&#8221; _builder_version=&#8221;4.18.0&#8243; _module_preset=&#8221;default&#8221; theme_builder_area=&#8221;post_content&#8221; sticky_enabled=&#8221;0&#8243; button_alignment=&#8221;center&#8221; custom_button=&#8221;on&#8221; button_text_size=&#8221;12px&#8221; button_text_color=&#8221;#ffffff&#8221; button_bg_color=&#8221;#007aff&#8221; button_border_width=&#8221;0px&#8221; button_border_radius=&#8221;100px&#8221; button_letter_spacing=&#8221;2px&#8221; button_font=&#8221;PT Sans|900||on|||||&#8221; button_use_icon=&#8221;off&#8221; custom_margin=&#8221;||40px||false|false&#8221; custom_padding=&#8221;20px|30px|20px|30px|true|true&#8221; box_shadow_style=&#8221;preset3&#8243; box_shadow_blur=&#8221;28px&#8221; box_shadow_spread=&#8221;-10px&#8221; box_shadow_color=&#8221;rgba(0,122,255,0.33)&#8221; hover_enabled=&#8221;0&#8243; button_url=&#8221;https:\/\/programyrekomendowane.pl\/strony\/artykuly\/jas-i-malgosia-na-tropie,13?fbclid=IwAR2JMeWiU19hdgzMYk_3sEVIUSQD7Lra9nSB6gYPvTZuVWqkXnB8CmBX0_Y&#8221; url_new_window=&#8221;on&#8221;][\/et_pb_button][\/et_pb_column][et_pb_column type=&#8221;2_3&#8243; _builder_version=&#8221;4.16&#8243; custom_padding=&#8221;||||false|false&#8221; global_colors_info=&#8221;{}&#8221; theme_builder_area=&#8221;post_content&#8221;][et_pb_text quote_border_weight=&#8221;8px&#8221; quote_border_color=&#8221;#f9ce6e&#8221; _builder_version=&#8221;4.18.0&#8243; header_2_font=&#8221;Playfair Display|700|||||||&#8221; header_2_text_color=&#8221;#2A3749&#8243; header_2_font_size=&#8221;42px&#8221; header_2_line_height=&#8221;1.1em&#8221; header_3_font=&#8221;Playfair Display|700|||||||&#8221; header_3_font_size=&#8221;40px&#8221; header_3_line_height=&#8221;1.2em&#8221; custom_padding=&#8221;||||false|false&#8221; hover_enabled=&#8221;0&#8243; header_2_font_size_tablet=&#8221;38px&#8221; header_2_font_size_phone=&#8221;25px&#8221; header_2_font_size_last_edited=&#8221;on|desktop&#8221; header_3_font_size_tablet=&#8221;34px&#8221; header_3_font_size_phone=&#8221;24px&#8221; header_3_font_size_last_edited=&#8221;on|phone&#8221; locked=&#8221;off&#8221; global_colors_info=&#8221;{}&#8221; theme_builder_area=&#8221;post_content&#8221; sticky_enabled=&#8221;0&#8243;]<\/p>\n<blockquote>\n<h3>Program<\/h3>\n<\/blockquote>\n<p>[\/et_pb_text][et_pb_text _builder_version=&#8221;4.18.0&#8243; text_font=&#8221;PT Sans||||||||&#8221; text_text_color=&#8221;#62748a&#8221; text_font_size=&#8221;16px&#8221; text_line_height=&#8221;1.8em&#8221; hover_enabled=&#8221;0&#8243; text_font_size_tablet=&#8221;&#8221; text_font_size_phone=&#8221;14px&#8221; text_font_size_last_edited=&#8221;on|desktop&#8221; locked=&#8221;off&#8221; global_colors_info=&#8221;{}&#8221; theme_builder_area=&#8221;post_content&#8221; sticky_enabled=&#8221;0&#8243;]<\/p>\n<p>Z dotychczasowych bada\u0144 wynika, \u017ce wczesne si\u0119ganie przez dzieci i m\u0142odzie\u017c po alkohol:<br \/>\u2733 zwi\u0119ksza ryzyko si\u0119gania po \u015brodki psychoaktywne,<br \/>\u2733 wp\u0142ywa na pojawienie si\u0119 powa\u017cnych trudno\u015bci szkolnych czy rodzinnych,<br \/>\u2733 negatywnie oddzia\u0142uje na sfer\u0119 emocjonaln\u0105 i spo\u0142eczn\u0105.<\/p>\n<p>Program:<br \/>\u2705 skupia si\u0119 na problematyce picia alkoholu, <br \/>\u2705 przekazuje jednoznaczny i zdecydowany komunikat \u201eNIE PIJ\u201d,<br \/>\u2705 nie dotyka zagadnie\u0144 zwi\u0105zanych z paleniem papieros\u00f3w czy u\u017cywaniem \u015brodk\u00f3w psychoaktywnych,<br \/>\u2705 zak\u0142ada \u015bcis\u0142\u0105 wsp\u00f3\u0142prac\u0119 z rodzicami czy opiekunami.<\/p>\n<p>Uczniowie \u2013 uczestnicy programu tworz\u0105 z doros\u0142ymi tak zwane Domowe Dru\u017cyny, kt\u00f3re pracuj\u0105 w domu na materia\u0142ach otrzymanych od realizator\u00f3w programu (s\u0105 to cztery kr\u00f3tkie zeszyty tematyczne). Dzi\u0119ki takim dzia\u0142aniom powstaj\u0105 i utrwalaj\u0105 si\u0119 po\u017c\u0105dane zmiany w zachowaniu nastolatk\u00f3w.<\/p>\n<p>Program sk\u0142ada si\u0119 z dw\u00f3ch \u015bci\u015ble ze sob\u0105 zwi\u0105zanych cz\u0119\u015bci: domowej i szkolnej.<\/p>\n<p>Niebagatelny wp\u0142yw na skuteczno\u015b\u0107 oddzia\u0142ywa\u0144 profilaktycznych maj\u0105 tak\u017ce wybrani liderzy m\u0142odzie\u017cowi, kt\u00f3rzy (po przeszkoleniu) otrzymuj\u0105 konkretne zadania do wykonania.<\/p>\n<p>Program bazuje na historyjkach komiksowych, wykorzystuje elementy gier i zabaw, co sprzyja zwi\u0119kszeniu zaanga\u017cowania uczestnik\u00f3w oraz podnosi oddzia\u0142ywanie profilaktyczne.<\/p>\n<p>[\/et_pb_text][\/et_pb_column][\/et_pb_row][\/et_pb_section]<\/p>\n","protected":false},"excerpt":{"rendered":"<p>Cele Program Z dotychczasowych bada\u0144 wynika, \u017ce wczesne si\u0119ganie przez dzieci i m\u0142odzie\u017c po alkohol:\u2733 zwi\u0119ksza ryzyko si\u0119gania po \u015brodki psychoaktywne,\u2733 wp\u0142ywa na pojawienie si\u0119 powa\u017cnych trudno\u015bci szkolnych czy rodzinnych,\u2733 negatywnie oddzia\u0142uje na sfer\u0119 emocjonaln\u0105 i spo\u0142eczn\u0105. Program:\u2705 skupia si\u0119 na problematyce picia alkoholu, \u2705 przekazuje jednoznaczny i zdecydowany komunikat \u201eNIE PIJ\u201d,\u2705 nie dotyka zagadnie\u0144 [&hellip;]<\/p>\n","protected":false},"author":1,"featured_media":0,"parent":0,"menu_order":0,"comment_status":"closed","ping_status":"closed","template":"","meta":{"_et_pb_use_builder":"on","_et_pb_old_content":"","_et_gb_content_width":"","footnotes":""},"class_list":["post-573","page","type-page","status-publish","hentry"],"_links":{"self":[{"href":"https:\/\/fdrs.org.pl\/index.php\/wp-json\/wp\/v2\/pages\/573","targetHints":{"allow":["GET"]}}],"collection":[{"href":"https:\/\/fdrs.org.pl\/index.php\/wp-json\/wp\/v2\/pages"}],"about":[{"href":"https:\/\/fdrs.org.pl\/index.php\/wp-json\/wp\/v2\/types\/page"}],"author":[{"embeddable":true,"href":"https:\/\/fdrs.org.pl\/index.php\/wp-json\/wp\/v2\/users\/1"}],"replies":[{"embeddable":true,"href":"https:\/\/fdrs.org.pl\/index.php\/wp-json\/wp\/v2\/comments?post=573"}],"version-history":[{"count":3,"href":"https:\/\/fdrs.org.pl\/index.php\/wp-json\/wp\/v2\/pages\/573\/revisions"}],"predecessor-version":[{"id":578,"href":"https:\/\/fdrs.org.pl\/index.php\/wp-json\/wp\/v2\/pages\/573\/revisions\/578"}],"wp:attachment":[{"href":"https:\/\/fdrs.org.pl\/index.php\/wp-json\/wp\/v2\/media?parent=573"}],"curies":[{"name":"wp","href":"https:\/\/api.w.org\/{rel}","templated":true}]}}