{"id":609,"date":"2022-10-31T13:26:29","date_gmt":"2022-10-31T12:26:29","guid":{"rendered":"https:\/\/dev.fdrs.org.pl\/?page_id=609"},"modified":"2023-05-17T08:49:05","modified_gmt":"2023-05-17T06:49:05","slug":"fred-goes-net","status":"publish","type":"page","link":"https:\/\/fdrs.org.pl\/index.php\/pl\/fred-goes-net\/","title":{"rendered":"Fred Goes Net"},"content":{"rendered":"<p>[et_pb_section fb_built=&#8221;1&#8243; _builder_version=&#8221;4.18.0&#8243; _module_preset=&#8221;default&#8221; custom_padding=&#8221;||27px|||&#8221; global_colors_info=&#8221;{}&#8221;][et_pb_row _builder_version=&#8221;4.18.0&#8243; _module_preset=&#8221;default&#8221; global_colors_info=&#8221;{}&#8221;][et_pb_column type=&#8221;4_4&#8243; _builder_version=&#8221;4.18.0&#8243; _module_preset=&#8221;default&#8221; global_colors_info=&#8221;{}&#8221;][et_pb_image src=&#8221;https:\/\/fdrs.org.pl\/wp-content\/uploads\/2022\/10\/fred.png&#8221; title_text=&#8221;fred&#8221; _builder_version=&#8221;4.18.0&#8243; _module_preset=&#8221;default&#8221; global_colors_info=&#8221;{}&#8221;][\/et_pb_image][\/et_pb_column][\/et_pb_row][\/et_pb_section][et_pb_section fb_built=&#8221;1&#8243; admin_label=&#8221;About&#8221; _builder_version=&#8221;4.16&#8243; custom_padding=&#8221;3px|||||&#8221; global_colors_info=&#8221;{}&#8221;][et_pb_row column_structure=&#8221;1_3,2_3&#8243; _builder_version=&#8221;4.18.0&#8243; custom_margin=&#8221;||||false|false&#8221; custom_padding=&#8221;||||false|false&#8221; global_colors_info=&#8221;{}&#8221;][et_pb_column type=&#8221;1_3&#8243; _builder_version=&#8221;4.16&#8243; global_colors_info=&#8221;{}&#8221;][et_pb_text _builder_version=&#8221;4.18.0&#8243; text_font=&#8221;PT Sans||||||||&#8221; text_font_size=&#8221;16px&#8221; text_line_height=&#8221;1.8em&#8221; header_2_font=&#8221;Playfair Display|700|||||||&#8221; header_2_font_size=&#8221;50px&#8221; header_2_line_height=&#8221;1.3em&#8221; header_2_font_size_tablet=&#8221;32px&#8221; header_2_font_size_phone=&#8221;24px&#8221; header_2_font_size_last_edited=&#8221;on|tablet&#8221; locked=&#8221;off&#8221; global_colors_info=&#8221;{}&#8221;]<\/p>\n<h2>Metody<\/h2>\n<section class=\"elementor-element elementor-element-e69481b elementor-section-boxed elementor-section-height-default elementor-section-height-default elementor-section elementor-top-section\" data-id=\"e69481b\" data-element_type=\"section\">\n<div class=\"elementor-container elementor-column-gap-default\">\n<div class=\"elementor-row\">\n<div class=\"elementor-element elementor-element-7e6f417 elementor-column elementor-col-100 elementor-top-column\" data-id=\"7e6f417\" data-element_type=\"column\">\n<div class=\"elementor-column-wrap elementor-element-populated\">\n<div class=\"elementor-widget-wrap\">\n<div class=\"elementor-element elementor-element-e23c027 elementor-widget elementor-widget-text-editor\" data-id=\"e23c027\" data-element_type=\"widget\" data-widget_type=\"text-editor.default\">\n<div class=\"elementor-widget-container\">\n<div class=\"elementor-text-editor elementor-clearfix\"><\/div>\n<\/div>\n<\/div>\n<\/div>\n<\/div>\n<\/div>\n<\/div>\n<\/div>\n<\/section>\n<p>[\/et_pb_text][et_pb_blurb title=&#8221;Pog\u0142\u0119bienie wiedzy uczestnik\u00f3w programu na temat zdrowotnych, spo\u0142ecznych i prawnych konsekwencji u\u017cywania substancji psychoaktywnych&#8221; use_icon=&#8221;on&#8221; font_icon=&#8221;&#xe052;||divi||400&#8243; icon_color=&#8221;#007aff&#8221; icon_placement=&#8221;left&#8221; content_max_width=&#8221;800px&#8221; _builder_version=&#8221;4.18.0&#8243; header_font=&#8221;PT Sans|700|||||||&#8221; header_text_color=&#8221;#2a3749&#8243; header_font_size=&#8221;16px&#8221; header_line_height=&#8221;1.9em&#8221; locked=&#8221;off&#8221; global_colors_info=&#8221;{}&#8221;][\/et_pb_blurb][et_pb_blurb title=&#8221;Poinformowanie o miejscach pomocy&#8221; use_icon=&#8221;on&#8221; font_icon=&#8221;&#xe052;||divi||400&#8243; icon_color=&#8221;#007aff&#8221; icon_placement=&#8221;left&#8221; content_max_width=&#8221;800px&#8221; _builder_version=&#8221;4.18.0&#8243; header_font=&#8221;PT Sans|700|||||||&#8221; header_text_color=&#8221;#2a3749&#8243; header_font_size=&#8221;16px&#8221; header_line_height=&#8221;1.9em&#8221; locked=&#8221;off&#8221; global_colors_info=&#8221;{}&#8221;][\/et_pb_blurb][et_pb_blurb title=&#8221;Zmiana postaw wobec u\u017cywania substancji psychoaktywnych&#8221; use_icon=&#8221;on&#8221; font_icon=&#8221;&#xe052;||divi||400&#8243; icon_color=&#8221;#007aff&#8221; icon_placement=&#8221;left&#8221; content_max_width=&#8221;800px&#8221; _builder_version=&#8221;4.18.0&#8243; header_font=&#8221;PT Sans|700|||||||&#8221; header_text_color=&#8221;#2a3749&#8243; header_font_size=&#8221;16px&#8221; header_line_height=&#8221;1.9em&#8221; custom_padding=&#8221;|43px||||&#8221; locked=&#8221;off&#8221; global_colors_info=&#8221;{}&#8221;][\/et_pb_blurb][et_pb_button button_url=&#8221;https:\/\/programyrekomendowane.pl\/strony\/artykuly\/fred-goes-net,17&#8243; url_new_window=&#8221;on&#8221; button_text=&#8221;Wi\u0119cej informacji&#8221; button_alignment=&#8221;center&#8221; _builder_version=&#8221;4.18.0&#8243; _module_preset=&#8221;default&#8221; custom_button=&#8221;on&#8221; button_text_size=&#8221;12px&#8221; button_text_color=&#8221;#ffffff&#8221; button_bg_color=&#8221;#007aff&#8221; button_border_width=&#8221;0px&#8221; button_border_radius=&#8221;100px&#8221; button_letter_spacing=&#8221;2px&#8221; button_font=&#8221;PT Sans|900||on|||||&#8221; button_use_icon=&#8221;off&#8221; custom_margin=&#8221;||40px||false|false&#8221; custom_padding=&#8221;20px|30px|20px|30px|true|true&#8221; box_shadow_style=&#8221;preset3&#8243; box_shadow_blur=&#8221;28px&#8221; box_shadow_spread=&#8221;-10px&#8221; box_shadow_color=&#8221;rgba(0,122,255,0.33)&#8221; global_colors_info=&#8221;{}&#8221;][\/et_pb_button][\/et_pb_column][et_pb_column type=&#8221;2_3&#8243; _builder_version=&#8221;4.16&#8243; custom_padding=&#8221;||||false|false&#8221; global_colors_info=&#8221;{}&#8221;][et_pb_text quote_border_weight=&#8221;8px&#8221; quote_border_color=&#8221;#f9ce6e&#8221; _builder_version=&#8221;4.18.0&#8243; header_2_font=&#8221;Playfair Display|700|||||||&#8221; header_2_text_color=&#8221;#2A3749&#8243; header_2_font_size=&#8221;42px&#8221; header_2_line_height=&#8221;1.1em&#8221; header_3_font=&#8221;Playfair Display|700|||||||&#8221; header_3_font_size=&#8221;40px&#8221; header_3_line_height=&#8221;1.2em&#8221; custom_padding=&#8221;||||false|false&#8221; header_2_font_size_tablet=&#8221;38px&#8221; header_2_font_size_phone=&#8221;25px&#8221; header_2_font_size_last_edited=&#8221;on|desktop&#8221; header_3_font_size_tablet=&#8221;34px&#8221; header_3_font_size_phone=&#8221;24px&#8221; header_3_font_size_last_edited=&#8221;on|phone&#8221; locked=&#8221;off&#8221; global_colors_info=&#8221;{}&#8221;]<\/p>\n<blockquote>\n<h3>Program<\/h3>\n<\/blockquote>\n<p>[\/et_pb_text][et_pb_text _builder_version=&#8221;4.20.2&#8243; text_font=&#8221;PT Sans||||||||&#8221; text_text_color=&#8221;#62748a&#8221; text_font_size=&#8221;16px&#8221; text_line_height=&#8221;1.8em&#8221; hover_enabled=&#8221;0&#8243; text_font_size_tablet=&#8221;&#8221; text_font_size_phone=&#8221;14px&#8221; text_font_size_last_edited=&#8221;on|desktop&#8221; locked=&#8221;off&#8221; global_colors_info=&#8221;{}&#8221; sticky_enabled=&#8221;0&#8243;]<\/p>\n<div class=\"x11i5rnm xat24cr x1mh8g0r x1vvkbs xtlvy1s x126k92a\">\n<div dir=\"auto\">ZADZWO\u0143 LUB PRZEKA\u017b NUMER TELEFONU do realizatora programu profilaktycznego Fred goes net z Fundacja Dzieci Rodzice Szko\u0142a:<\/div>\n<div dir=\"auto\"><\/div>\n<div dir=\"auto\"><span class=\"x3nfvp2 x1j61x8r x1fcty0u xdj266r xhhsvwb xat24cr xgzva0m xxymvpz xlup9mm x1kky2od\"><img loading=\"lazy\" decoding=\"async\" height=\"16\" width=\"16\" alt=\"\u260e\ufe0f\" referrerpolicy=\"origin-when-cross-origin\" src=\"https:\/\/static.xx.fbcdn.net\/images\/emoji.php\/v9\/ta3\/2\/16\/260e.png\" \/><\/span> 577 328 471.<\/div>\n<\/div>\n<div class=\"x11i5rnm xat24cr x1mh8g0r x1vvkbs xtlvy1s x126k92a\">\n<div dir=\"auto\"><\/div>\n<div dir=\"auto\">Dzia\u0142aj, p\u00f3ki nie jest za p\u00f3\u017ano!!!<\/div>\n<div dir=\"auto\">Program Fred goes net to w 100% BEZP\u0141ATNY program wczesnej interwencji, kt\u00f3ry sk\u0142ania m\u0142odzie\u017c do refleksji i w efekcie do zmiany<span class=\"x3nfvp2 x1j61x8r x1fcty0u xdj266r xhhsvwb xat24cr xgzva0m xxymvpz xlup9mm x1kky2od\"><img loading=\"lazy\" decoding=\"async\" height=\"16\" width=\"16\" alt=\"\u203c\ufe0f\" referrerpolicy=\"origin-when-cross-origin\" src=\"https:\/\/static.xx.fbcdn.net\/images\/emoji.php\/v9\/tf8\/2\/16\/203c.png\" \/><\/span><\/div>\n<\/div>\n<div class=\"x11i5rnm xat24cr x1mh8g0r x1vvkbs xtlvy1s x126k92a\">\n<div dir=\"auto\"><\/div>\n<div dir=\"auto\">GWARANTUJEMY PE\u0141N\u0104 DYSKRECJ\u0118 <span class=\"x3nfvp2 x1j61x8r x1fcty0u xdj266r xhhsvwb xat24cr xgzva0m xxymvpz xlup9mm x1kky2od\"><img loading=\"lazy\" decoding=\"async\" height=\"16\" width=\"16\" alt=\"\u203c\ufe0f\" referrerpolicy=\"origin-when-cross-origin\" src=\"https:\/\/static.xx.fbcdn.net\/images\/emoji.php\/v9\/tf8\/2\/16\/203c.png\" \/><\/span><\/div>\n<\/div>\n<p>Program jest prowadzony we wsp\u00f3\u0142pracy z lokalnie dzia\u0142aj\u0105cymi instytucjami i organizacjami (partnerami) \u2013 szko\u0142\u0105, policj\u0105, podmiotami leczniczymi. Zaleca si\u0119 uzgodnienie szczeg\u00f3\u0142owych zasad wsp\u00f3\u0142pracy i zada\u0144 poszczeg\u00f3lnych partner\u00f3w. Uzgodnienie to mo\u017ce mie\u0107 form\u0119 pisemnego porozumienia. G\u0142\u00f3wnym zadaniem partner\u00f3w jest docieranie z informacj\u0105 o programie do grupy docelowej.<\/p>\n<p>Program sk\u0142ada si\u0119 z rozmowy wst\u0119pnej, zaj\u0119\u0107 warsztatowych i rozmowy ko\u0144cowej.<\/p>\n<p>Rozmowa wst\u0119pna to kr\u00f3tkie spotkanie maj\u0105ce na celu wst\u0119pne poznanie problemu m\u0142odego u\u017cytkownika narkotyk\u00f3w lub alkoholu oraz zmotywowanie go do udzia\u0142u w programie. Rozmowa prowadzona w duchu dialogu motywuj\u0105cego i przekazanie najwa\u017cniejszych informacji na temat programu; umo\u017cliwia ona tak\u017ce zmian\u0119 poczucia \u201ebycia pod presj\u0105\u201d i dostrze\u017cenie osobistych korzy\u015bci w efekcie uczestnictwa w zaj\u0119ciach.<\/p>\n<p>W\u0142a\u015bciwe zaj\u0119cia to 2, 3 lub 4 spotkania, kt\u00f3re trwaj\u0105 \u0142\u0105cznie 8 godzin. Zaj\u0119cia odbywaj\u0105 si\u0119 w ma\u0142ych grupach, (6 do 12 os\u00f3b). Prowadzone s\u0105 metodami warsztatowymi, tj. praca indywidualna, praca w parach, dyskusja plenarna, quiz, test, odgrywanie scenek, \u0107wiczenia energetyzuj\u0105ce, informacje zwrotne. Tematyka zaj\u0119\u0107 cz\u0119\u015bci pierwszej programu obejmuje poznanie si\u0119 cz\u0142onk\u00f3w grupy i stworzenie atmosfery zaufania, aspekty prawne zwi\u0105zane z u\u017cywaniem narkotyk\u00f3w oraz dostarczenie informacji na temat narkotyk\u00f3w, ze szczeg\u00f3lnym uwzgl\u0119dnieniem substancji najcz\u0119\u015bciej u\u017cywanej przez cz\u0142onk\u00f3w danej grupy. Cz\u0119\u015b\u0107 druga jest po\u015bwi\u0119cona pog\u0142\u0119bieniu wiedzy na temat substancji, uzale\u017cnienia oraz analizie w\u0142asnego wzoru u\u017cywania narkotyk\u00f3w. Kolejne spotkania s\u0142u\u017c\u0105 zidentyfikowaniu osobistych czynnik\u00f3w ryzyka i czynnik\u00f3w chroni\u0105cych oraz zwi\u0119kszeniu motywacji do ograniczenia u\u017cywania substancji lub ca\u0142kowitej abstynencji.<\/p>\n<p>Po zako\u0144czeniu programu uczestnicy wype\u0142niaj\u0105 anonimow\u0105 ankiet\u0119 ewaluacyjn\u0105 i otrzymuj\u0105 \u015bwiadectwo udzia\u0142u w programie.<\/p>\n<p>[\/et_pb_text][\/et_pb_column][\/et_pb_row][\/et_pb_section]<\/p>\n","protected":false},"excerpt":{"rendered":"<p>Metody Program ZADZWO\u0143 LUB PRZEKA\u017b NUMER TELEFONU do realizatora programu profilaktycznego Fred goes net z Fundacja Dzieci Rodzice Szko\u0142a: 577 328 471. Dzia\u0142aj, p\u00f3ki nie jest za p\u00f3\u017ano!!! Program Fred goes net to w 100% BEZP\u0141ATNY program wczesnej interwencji, kt\u00f3ry sk\u0142ania m\u0142odzie\u017c do refleksji i w efekcie do zmiany GWARANTUJEMY PE\u0141N\u0104 DYSKRECJ\u0118 Program jest prowadzony [&hellip;]<\/p>\n","protected":false},"author":1,"featured_media":0,"parent":0,"menu_order":0,"comment_status":"closed","ping_status":"closed","template":"","meta":{"_et_pb_use_builder":"on","_et_pb_old_content":"","_et_gb_content_width":"","footnotes":""},"class_list":["post-609","page","type-page","status-publish","hentry"],"_links":{"self":[{"href":"https:\/\/fdrs.org.pl\/index.php\/wp-json\/wp\/v2\/pages\/609","targetHints":{"allow":["GET"]}}],"collection":[{"href":"https:\/\/fdrs.org.pl\/index.php\/wp-json\/wp\/v2\/pages"}],"about":[{"href":"https:\/\/fdrs.org.pl\/index.php\/wp-json\/wp\/v2\/types\/page"}],"author":[{"embeddable":true,"href":"https:\/\/fdrs.org.pl\/index.php\/wp-json\/wp\/v2\/users\/1"}],"replies":[{"embeddable":true,"href":"https:\/\/fdrs.org.pl\/index.php\/wp-json\/wp\/v2\/comments?post=609"}],"version-history":[{"count":3,"href":"https:\/\/fdrs.org.pl\/index.php\/wp-json\/wp\/v2\/pages\/609\/revisions"}],"predecessor-version":[{"id":850,"href":"https:\/\/fdrs.org.pl\/index.php\/wp-json\/wp\/v2\/pages\/609\/revisions\/850"}],"wp:attachment":[{"href":"https:\/\/fdrs.org.pl\/index.php\/wp-json\/wp\/v2\/media?parent=609"}],"curies":[{"name":"wp","href":"https:\/\/api.w.org\/{rel}","templated":true}]}}