{"id":659,"date":"2022-11-02T10:27:52","date_gmt":"2022-11-02T09:27:52","guid":{"rendered":"https:\/\/dev.fdrs.org.pl\/?page_id=659"},"modified":"2022-11-02T10:28:00","modified_gmt":"2022-11-02T09:28:00","slug":"unplugged-alternatywna","status":"publish","type":"page","link":"https:\/\/fdrs.org.pl\/index.php\/pl\/unplugged-alternatywna\/","title":{"rendered":"Unplugged &#8211; alternatywna"},"content":{"rendered":"<p>[et_pb_section fb_built=&#8221;1&#8243; _builder_version=&#8221;4.18.0&#8243; _module_preset=&#8221;default&#8221; custom_padding=&#8221;||27px|||&#8221; global_colors_info=&#8221;{}&#8221; theme_builder_area=&#8221;post_content&#8221;][et_pb_row _builder_version=&#8221;4.18.0&#8243; _module_preset=&#8221;default&#8221; global_colors_info=&#8221;{}&#8221; theme_builder_area=&#8221;post_content&#8221;][et_pb_column type=&#8221;4_4&#8243; _builder_version=&#8221;4.18.0&#8243; _module_preset=&#8221;default&#8221; global_colors_info=&#8221;{}&#8221; theme_builder_area=&#8221;post_content&#8221;][et_pb_image src=&#8221;https:\/\/fdrs.org.pl\/wp-content\/uploads\/2022\/10\/241491294_915362182352822_4989534444963783131_n.jpeg&#8221; title_text=&#8221;241491294_915362182352822_4989534444963783131_n&#8221; _builder_version=&#8221;4.18.0&#8243; _module_preset=&#8221;default&#8221; global_colors_info=&#8221;{}&#8221; theme_builder_area=&#8221;post_content&#8221;][\/et_pb_image][\/et_pb_column][\/et_pb_row][\/et_pb_section][et_pb_section fb_built=&#8221;1&#8243; admin_label=&#8221;About&#8221; _builder_version=&#8221;4.16&#8243; custom_padding=&#8221;3px|||||&#8221; global_colors_info=&#8221;{}&#8221; theme_builder_area=&#8221;post_content&#8221;][et_pb_row column_structure=&#8221;1_3,2_3&#8243; _builder_version=&#8221;4.18.0&#8243; custom_margin=&#8221;||||false|false&#8221; custom_padding=&#8221;||||false|false&#8221; global_colors_info=&#8221;{}&#8221; theme_builder_area=&#8221;post_content&#8221;][et_pb_column type=&#8221;1_3&#8243; _builder_version=&#8221;4.16&#8243; global_colors_info=&#8221;{}&#8221; theme_builder_area=&#8221;post_content&#8221;][et_pb_text _builder_version=&#8221;4.18.0&#8243; text_font=&#8221;PT Sans||||||||&#8221; text_font_size=&#8221;16px&#8221; text_line_height=&#8221;1.8em&#8221; header_2_font=&#8221;Playfair Display|700|||||||&#8221; header_2_font_size=&#8221;50px&#8221; header_2_line_height=&#8221;1.3em&#8221; header_2_font_size_tablet=&#8221;32px&#8221; header_2_font_size_phone=&#8221;24px&#8221; header_2_font_size_last_edited=&#8221;on|tablet&#8221; locked=&#8221;off&#8221; global_colors_info=&#8221;{}&#8221; theme_builder_area=&#8221;post_content&#8221;]<\/p>\n<h2>Cele<\/h2>\n<section class=\"elementor-element elementor-element-e69481b elementor-section-boxed elementor-section-height-default elementor-section-height-default elementor-section elementor-top-section\" data-id=\"e69481b\" data-element_type=\"section\">\n<div class=\"elementor-container elementor-column-gap-default\">\n<div class=\"elementor-row\">\n<div class=\"elementor-element elementor-element-7e6f417 elementor-column elementor-col-100 elementor-top-column\" data-id=\"7e6f417\" data-element_type=\"column\">\n<div class=\"elementor-column-wrap elementor-element-populated\">\n<div class=\"elementor-widget-wrap\">\n<div class=\"elementor-element elementor-element-e23c027 elementor-widget elementor-widget-text-editor\" data-id=\"e23c027\" data-element_type=\"widget\" data-widget_type=\"text-editor.default\">\n<div class=\"elementor-widget-container\">\n<div class=\"elementor-text-editor elementor-clearfix\"><\/div>\n<\/div>\n<\/div>\n<\/div>\n<\/div>\n<\/div>\n<\/div>\n<\/div>\n<\/section>\n<p>[\/et_pb_text][et_pb_blurb title=&#8221;Ograniczenie u\u017cywania substancji psychoaktywnych w postaci alkoholu, narkotyk\u00f3w i tytoniu&#8221; use_icon=&#8221;on&#8221; font_icon=&#8221;&#xe052;||divi||400&#8243; icon_color=&#8221;#007aff&#8221; icon_placement=&#8221;left&#8221; content_max_width=&#8221;800px&#8221; _builder_version=&#8221;4.18.0&#8243; header_font=&#8221;PT Sans|700|||||||&#8221; header_text_color=&#8221;#000000&#8243; header_font_size=&#8221;20px&#8221; header_line_height=&#8221;1.9em&#8221; hover_enabled=&#8221;0&#8243; locked=&#8221;off&#8221; global_colors_info=&#8221;{}&#8221; theme_builder_area=&#8221;post_content&#8221; sticky_enabled=&#8221;0&#8243;][\/et_pb_blurb][et_pb_blurb title=&#8221;Modyfikacja postaw i opinii na temat u\u017cywania substancji psychoaktywnych&#8221; use_icon=&#8221;on&#8221; font_icon=&#8221;&#xe052;||divi||400&#8243; icon_color=&#8221;#007aff&#8221; icon_placement=&#8221;left&#8221; content_max_width=&#8221;800px&#8221; _builder_version=&#8221;4.18.0&#8243; header_font=&#8221;PT Sans|700|||||||&#8221; header_text_color=&#8221;#000000&#8243; header_font_size=&#8221;20px&#8221; header_line_height=&#8221;1.9em&#8221; locked=&#8221;off&#8221; global_colors_info=&#8221;{}&#8221; theme_builder_area=&#8221;post_content&#8221;][\/et_pb_blurb][et_pb_blurb title=&#8221;Nabycie przez uczestnik\u00f3w umiej\u0119tno\u015bci chroni\u0105cych przed u\u017cywaniem tych substancji&#8221; use_icon=&#8221;on&#8221; font_icon=&#8221;&#xe052;||divi||400&#8243; icon_color=&#8221;#007aff&#8221; icon_placement=&#8221;left&#8221; content_max_width=&#8221;800px&#8221; _builder_version=&#8221;4.18.0&#8243; header_font=&#8221;PT Sans|700|||||||&#8221; header_text_color=&#8221;#000000&#8243; header_font_size=&#8221;20px&#8221; header_line_height=&#8221;1.9em&#8221; locked=&#8221;off&#8221; global_colors_info=&#8221;{}&#8221; theme_builder_area=&#8221;post_content&#8221;][\/et_pb_blurb][et_pb_blurb title=&#8221;Doskonalenie kompetencji wychowawczych rodzic\u00f3w uczni\u00f3w&#8221; use_icon=&#8221;on&#8221; font_icon=&#8221;&#xe052;||divi||400&#8243; icon_color=&#8221;#007aff&#8221; icon_placement=&#8221;left&#8221; content_max_width=&#8221;800px&#8221; _builder_version=&#8221;4.18.0&#8243; header_font=&#8221;PT Sans|700|||||||&#8221; header_text_color=&#8221;#000000&#8243; header_font_size=&#8221;20px&#8221; header_line_height=&#8221;1.9em&#8221; locked=&#8221;off&#8221; global_colors_info=&#8221;{}&#8221; theme_builder_area=&#8221;post_content&#8221;][\/et_pb_blurb][et_pb_button button_url=&#8221;https:\/\/programyrekomendowane.pl\/strony\/artykuly\/unplugged,41?fbclid=IwAR1lhZ1JAnDtixjG0YE5BRJWbPDBS2is3bUutSnoQnfkx4DykN7sLQt45wc&#8221; url_new_window=&#8221;on&#8221; button_text=&#8221;Wi\u0119cej informacji&#8221; button_alignment=&#8221;center&#8221; _builder_version=&#8221;4.18.0&#8243; _module_preset=&#8221;default&#8221; custom_button=&#8221;on&#8221; button_text_size=&#8221;20px&#8221; button_text_color=&#8221;#ffffff&#8221; button_bg_color=&#8221;#007aff&#8221; button_border_width=&#8221;0px&#8221; button_border_radius=&#8221;100px&#8221; button_letter_spacing=&#8221;2px&#8221; button_font=&#8221;PT Sans|900||on|||||&#8221; button_use_icon=&#8221;off&#8221; custom_margin=&#8221;||40px||false|false&#8221; custom_padding=&#8221;20px|30px|20px|30px|true|true&#8221; hover_enabled=&#8221;0&#8243; box_shadow_style=&#8221;preset3&#8243; box_shadow_blur=&#8221;28px&#8221; box_shadow_spread=&#8221;-10px&#8221; box_shadow_color=&#8221;rgba(0,122,255,0.33)&#8221; global_colors_info=&#8221;{}&#8221; theme_builder_area=&#8221;post_content&#8221; sticky_enabled=&#8221;0&#8243;][\/et_pb_button][\/et_pb_column][et_pb_column type=&#8221;2_3&#8243; _builder_version=&#8221;4.16&#8243; custom_padding=&#8221;||||false|false&#8221; global_colors_info=&#8221;{}&#8221; theme_builder_area=&#8221;post_content&#8221;][et_pb_text quote_border_weight=&#8221;8px&#8221; quote_border_color=&#8221;#f9ce6e&#8221; _builder_version=&#8221;4.18.0&#8243; header_2_font=&#8221;Playfair Display|700|||||||&#8221; header_2_text_color=&#8221;#2A3749&#8243; header_2_font_size=&#8221;42px&#8221; header_2_line_height=&#8221;1.1em&#8221; header_3_font=&#8221;Playfair Display|700|||||||&#8221; header_3_font_size=&#8221;40px&#8221; header_3_line_height=&#8221;1.2em&#8221; custom_padding=&#8221;||||false|false&#8221; header_2_font_size_tablet=&#8221;38px&#8221; header_2_font_size_phone=&#8221;25px&#8221; header_2_font_size_last_edited=&#8221;on|desktop&#8221; header_3_font_size_tablet=&#8221;34px&#8221; header_3_font_size_phone=&#8221;24px&#8221; header_3_font_size_last_edited=&#8221;on|phone&#8221; locked=&#8221;off&#8221; global_colors_info=&#8221;{}&#8221; theme_builder_area=&#8221;post_content&#8221;]<\/p>\n<blockquote>\n<h3>Program<\/h3>\n<\/blockquote>\n<p>[\/et_pb_text][et_pb_text _builder_version=&#8221;4.18.0&#8243; text_font=&#8221;PT Sans||||||||&#8221; text_text_color=&#8221;#000000&#8243; text_font_size=&#8221;20px&#8221; text_line_height=&#8221;1.8em&#8221; hover_enabled=&#8221;0&#8243; text_font_size_tablet=&#8221;&#8221; text_font_size_phone=&#8221;14px&#8221; text_font_size_last_edited=&#8221;on|desktop&#8221; locked=&#8221;off&#8221; global_colors_info=&#8221;{}&#8221; theme_builder_area=&#8221;post_content&#8221; sticky_enabled=&#8221;0&#8243;]<\/p>\n<p>\ud83d\udd34 Rekomendowany program profilaktyczny UNPLUGGED \ud83d\udd34<\/p>\n<p>Kolejna propozycja naszej fundacji \ud83d\ude09\ud83d\udca5<\/p>\n<p>Czas trwania: 12 tygodni.<\/p>\n<p>Adresowany jest do nastolatk\u00f3w w wieku 12-14 lat &#8211; m\u0142odzie\u017cy w pocz\u0105tkowym okresie dojrzewania.<\/p>\n<p>Program wykorzystuje sprawdzone strategie profilaktyczne. Jego skuteczno\u015b\u0107 zosta\u0142a potwierdzona w badaniach zrealizowanych w siedmiu krajach Europy: Belgii, Nemczech, Hiszpanii, Grecji, W\u0142oszech, Austrii oraz Szwecji.<\/p>\n<p>W trakcie realizacji programu uczestnicy poruszaj\u0105 problemy dotycz\u0105ce mi\u0119dzy innymi:<br \/>\u2705 nacisku grupowego i sposob\u00f3w radzenia sobie z nim,<br \/>\u2705 poznaj\u0105 czynniki ryzyka i czynniki chroni\u0105ce przed piciem alkoholu,<br \/>\u2705 weryfikuj\u0105 przekonania normatywne o zjawisku u\u017cywania substancji psychoaktywnych, palenia papieros\u00f3w, piciu alkoholu,<br \/>\u2705 kszta\u0142tuj\u0105 zachowania asertywne, umiej\u0119tno\u015b\u0107 radzenia sobie z problemami, podejmowaniem decyzji itp.<\/p>\n<p>Udzia\u0142 rodzic\u00f3w w programie jest po\u017c\u0105dany, przy czym nie pracuj\u0105 oni w domu ze swoimi dzie\u0107mi, tylko bior\u0105 udzia\u0142 w spotkaniach z realizatorami, kt\u00f3re przebiegaj\u0105 w formie wyk\u0142adowo-warsztatowej.<\/p>\n<p>Podczas tych spotka\u0144 przekazywane s\u0105 informacje na temat:<br \/>\u2733 procesu dojrzewania nastolatk\u00f3w (kwestie psychologiczne i spo\u0142eczne),<br \/>\u2733 wp\u0142ywu i roli rodziny w tym okresie,<br \/>\u2733 rozwoju autonomii i to\u017csamo\u015bci u m\u0142odzie\u017cy,<br \/>\u2733 postaw asertywnych czy stawiania granic przez rodzic\u00f3w.<\/p>\n<p>Bardzo wa\u017cnym komponentem programu jest interaktywno\u015b\u0107 &#8211; m\u0142odzie\u017c poprzez w\u0142asne spostrze\u017cenia, obserwacje i wnioski weryfikuje dotychczasowe w\u0142asne przekonania i wyobra\u017cenia oraz nabywa umiej\u0119tno\u015bci spo\u0142eczne (mi\u0119dzy innymi asertywno\u015b\u0107).<\/p>\n<p>[\/et_pb_text][\/et_pb_column][\/et_pb_row][\/et_pb_section]<\/p>\n","protected":false},"excerpt":{"rendered":"<p>Cele Program \ud83d\udd34 Rekomendowany program profilaktyczny UNPLUGGED \ud83d\udd34 Kolejna propozycja naszej fundacji \ud83d\ude09\ud83d\udca5 Czas trwania: 12 tygodni. Adresowany jest do nastolatk\u00f3w w wieku 12-14 lat &#8211; m\u0142odzie\u017cy w pocz\u0105tkowym okresie dojrzewania. Program wykorzystuje sprawdzone strategie profilaktyczne. Jego skuteczno\u015b\u0107 zosta\u0142a potwierdzona w badaniach zrealizowanych w siedmiu krajach Europy: Belgii, Nemczech, Hiszpanii, Grecji, W\u0142oszech, Austrii oraz Szwecji. [&hellip;]<\/p>\n","protected":false},"author":1,"featured_media":0,"parent":0,"menu_order":0,"comment_status":"closed","ping_status":"closed","template":"","meta":{"_et_pb_use_builder":"on","_et_pb_old_content":"","_et_gb_content_width":"","footnotes":""},"class_list":["post-659","page","type-page","status-publish","hentry"],"_links":{"self":[{"href":"https:\/\/fdrs.org.pl\/index.php\/wp-json\/wp\/v2\/pages\/659","targetHints":{"allow":["GET"]}}],"collection":[{"href":"https:\/\/fdrs.org.pl\/index.php\/wp-json\/wp\/v2\/pages"}],"about":[{"href":"https:\/\/fdrs.org.pl\/index.php\/wp-json\/wp\/v2\/types\/page"}],"author":[{"embeddable":true,"href":"https:\/\/fdrs.org.pl\/index.php\/wp-json\/wp\/v2\/users\/1"}],"replies":[{"embeddable":true,"href":"https:\/\/fdrs.org.pl\/index.php\/wp-json\/wp\/v2\/comments?post=659"}],"version-history":[{"count":2,"href":"https:\/\/fdrs.org.pl\/index.php\/wp-json\/wp\/v2\/pages\/659\/revisions"}],"predecessor-version":[{"id":662,"href":"https:\/\/fdrs.org.pl\/index.php\/wp-json\/wp\/v2\/pages\/659\/revisions\/662"}],"wp:attachment":[{"href":"https:\/\/fdrs.org.pl\/index.php\/wp-json\/wp\/v2\/media?parent=659"}],"curies":[{"name":"wp","href":"https:\/\/api.w.org\/{rel}","templated":true}]}}