{"id":675,"date":"2022-11-02T10:51:00","date_gmt":"2022-11-02T09:51:00","guid":{"rendered":"https:\/\/dev.fdrs.org.pl\/?page_id=675"},"modified":"2022-11-02T10:51:19","modified_gmt":"2022-11-02T09:51:19","slug":"spoleczne-alternatywna","status":"publish","type":"page","link":"https:\/\/fdrs.org.pl\/index.php\/pl\/spoleczne-alternatywna\/","title":{"rendered":"Spo\u0142eczne &#8211; alternatywna"},"content":{"rendered":"<p>[et_pb_section fb_built=&#8221;1&#8243; _builder_version=&#8221;4.18.0&#8243; _module_preset=&#8221;default&#8221; custom_padding=&#8221;||27px|||&#8221; global_colors_info=&#8221;{}&#8221; theme_builder_area=&#8221;post_content&#8221;][et_pb_row _builder_version=&#8221;4.18.0&#8243; _module_preset=&#8221;default&#8221; global_colors_info=&#8221;{}&#8221; theme_builder_area=&#8221;post_content&#8221;][et_pb_column type=&#8221;4_4&#8243; _builder_version=&#8221;4.18.0&#8243; _module_preset=&#8221;default&#8221; global_colors_info=&#8221;{}&#8221; theme_builder_area=&#8221;post_content&#8221;][et_pb_image src=&#8221;https:\/\/fdrs.org.pl\/wp-content\/uploads\/2022\/10\/241324087_913525752536465_8400422558938992353_n.png&#8221; title_text=&#8221;241324087_913525752536465_8400422558938992353_n&#8221; _builder_version=&#8221;4.18.0&#8243; _module_preset=&#8221;default&#8221; global_colors_info=&#8221;{}&#8221; theme_builder_area=&#8221;post_content&#8221;][\/et_pb_image][\/et_pb_column][\/et_pb_row][\/et_pb_section][et_pb_section fb_built=&#8221;1&#8243; admin_label=&#8221;About&#8221; _builder_version=&#8221;4.16&#8243; custom_padding=&#8221;3px|||||&#8221; global_colors_info=&#8221;{}&#8221; theme_builder_area=&#8221;post_content&#8221;][et_pb_row column_structure=&#8221;1_3,2_3&#8243; _builder_version=&#8221;4.18.0&#8243; global_colors_info=&#8221;{}&#8221; theme_builder_area=&#8221;post_content&#8221; icon_color=&#8221;#007aff&#8221; icon_placement=&#8221;left&#8221; content_max_width=&#8221;800px&#8221; header_font=&#8221;PT Sans|700|||||||&#8221; header_text_color=&#8221;#000000&#8243; header_font_size=&#8221;20px&#8221; header_line_height=&#8221;1.9em&#8221;][et_pb_column type=&#8221;1_3&#8243; _builder_version=&#8221;4.16&#8243; global_colors_info=&#8221;{}&#8221; theme_builder_area=&#8221;post_content&#8221;][et_pb_text _builder_version=&#8221;4.18.0&#8243; text_font=&#8221;PT Sans||||||||&#8221; text_font_size=&#8221;16px&#8221; text_line_height=&#8221;1.8em&#8221; header_2_font=&#8221;Playfair Display|700|||||||&#8221; header_2_font_size=&#8221;37px&#8221; header_2_line_height=&#8221;1.3em&#8221; header_2_font_size_tablet=&#8221;32px&#8221; header_2_font_size_phone=&#8221;24px&#8221; header_2_font_size_last_edited=&#8221;on|tablet&#8221; locked=&#8221;off&#8221; global_colors_info=&#8221;{}&#8221; theme_builder_area=&#8221;post_content&#8221;]<\/p>\n<h2><span>Wybrane korzy\u015bci<\/span><\/h2>\n<section class=\"elementor-element elementor-element-e69481b elementor-section-boxed elementor-section-height-default elementor-section-height-default elementor-section elementor-top-section\" data-id=\"e69481b\" data-element_type=\"section\">\n<div class=\"elementor-container elementor-column-gap-default\">\n<div class=\"elementor-row\">\n<div class=\"elementor-element elementor-element-7e6f417 elementor-column elementor-col-100 elementor-top-column\" data-id=\"7e6f417\" data-element_type=\"column\">\n<div class=\"elementor-column-wrap elementor-element-populated\">\n<div class=\"elementor-widget-wrap\">\n<div class=\"elementor-element elementor-element-e23c027 elementor-widget elementor-widget-text-editor\" data-id=\"e23c027\" data-element_type=\"widget\" data-widget_type=\"text-editor.default\">\n<div class=\"elementor-widget-container\">\n<div class=\"elementor-text-editor elementor-clearfix\"><\/div>\n<\/div>\n<\/div>\n<\/div>\n<\/div>\n<\/div>\n<\/div>\n<\/div>\n<\/section>\n<p>[\/et_pb_text][et_pb_blurb title=&#8221;Wsp\u00f3\u0142praca w grupie&#8221; use_icon=&#8221;on&#8221; font_icon=&#8221;&#xe052;||divi||400&#8243; icon_color=&#8221;#007aff&#8221; icon_placement=&#8221;left&#8221; content_max_width=&#8221;800px&#8221; _builder_version=&#8221;4.18.0&#8243; header_font=&#8221;PT Sans|700|||||||&#8221; header_text_color=&#8221;#000000&#8243; header_font_size=&#8221;20px&#8221; header_line_height=&#8221;1.9em&#8221; hover_enabled=&#8221;0&#8243; locked=&#8221;off&#8221; global_colors_info=&#8221;{}&#8221; theme_builder_area=&#8221;post_content&#8221; sticky_enabled=&#8221;0&#8243;][\/et_pb_blurb][et_pb_blurb title=&#8221;Wykszta\u0142cenie postawy asertywnej&#8221; use_icon=&#8221;on&#8221; font_icon=&#8221;&#xe052;||divi||400&#8243; icon_color=&#8221;#007aff&#8221; icon_placement=&#8221;left&#8221; content_max_width=&#8221;800px&#8221; _builder_version=&#8221;4.18.0&#8243; header_font=&#8221;PT Sans|700|||||||&#8221; header_text_color=&#8221;#000000&#8243; header_font_size=&#8221;20px&#8221; header_line_height=&#8221;1.9em&#8221; locked=&#8221;off&#8221; global_colors_info=&#8221;{}&#8221; theme_builder_area=&#8221;post_content&#8221;][\/et_pb_blurb][et_pb_blurb title=&#8221;Budowanie poczucia w\u0142asnej warto\u015bci i samooceny&#8221; use_icon=&#8221;on&#8221; font_icon=&#8221;&#xe052;||divi||400&#8243; icon_color=&#8221;#007aff&#8221; icon_placement=&#8221;left&#8221; content_max_width=&#8221;800px&#8221; _builder_version=&#8221;4.18.0&#8243; header_font=&#8221;PT Sans|700|||||||&#8221; header_text_color=&#8221;#000000&#8243; header_font_size=&#8221;20px&#8221; header_line_height=&#8221;1.9em&#8221; locked=&#8221;off&#8221; global_colors_info=&#8221;{}&#8221; theme_builder_area=&#8221;post_content&#8221;][\/et_pb_blurb][\/et_pb_column][et_pb_column type=&#8221;2_3&#8243; _builder_version=&#8221;4.16&#8243; custom_padding=&#8221;||||false|false&#8221; global_colors_info=&#8221;{}&#8221; theme_builder_area=&#8221;post_content&#8221;][et_pb_text quote_border_weight=&#8221;8px&#8221; quote_border_color=&#8221;#f9ce6e&#8221; _builder_version=&#8221;4.18.0&#8243; header_2_font=&#8221;Playfair Display|700|||||||&#8221; header_2_text_color=&#8221;#2A3749&#8243; header_2_font_size=&#8221;42px&#8221; header_2_line_height=&#8221;1.1em&#8221; header_3_font=&#8221;Playfair Display|700|||||||&#8221; header_3_font_size=&#8221;40px&#8221; header_3_line_height=&#8221;1.2em&#8221; custom_padding=&#8221;||||false|false&#8221; header_2_font_size_tablet=&#8221;38px&#8221; header_2_font_size_phone=&#8221;25px&#8221; header_2_font_size_last_edited=&#8221;on|desktop&#8221; header_3_font_size_tablet=&#8221;34px&#8221; header_3_font_size_phone=&#8221;24px&#8221; header_3_font_size_last_edited=&#8221;on|phone&#8221; locked=&#8221;off&#8221; global_colors_info=&#8221;{}&#8221; theme_builder_area=&#8221;post_content&#8221;]<\/p>\n<blockquote>\n<h3>Program<\/h3>\n<\/blockquote>\n<p>[\/et_pb_text][et_pb_text _builder_version=&#8221;4.18.0&#8243; text_font=&#8221;PT Sans||||||||&#8221; text_text_color=&#8221;#000000&#8243; text_font_size=&#8221;20px&#8221; text_line_height=&#8221;1.8em&#8221; hover_enabled=&#8221;0&#8243; text_font_size_tablet=&#8221;&#8221; text_font_size_phone=&#8221;14px&#8221; text_font_size_last_edited=&#8221;on|desktop&#8221; locked=&#8221;off&#8221; global_colors_info=&#8221;{}&#8221; theme_builder_area=&#8221;post_content&#8221; sticky_enabled=&#8221;0&#8243;]<\/p>\n<p>\ud83d\udd34 TRENING UMIEJ\u0118TNO\u015aCI SPO\u0141ECZNYCH \ud83d\udd34<br \/>to sta\u0142a propozycja zaj\u0119\u0107 w naszej ofercie.<br \/>Adresowany jest przede wszystkim do dzieci m\u0142odszych, chocia\u017c korzystaj\u0105 z niego tak\u017ce nastolatki i osoby doros\u0142e.<\/p>\n<p>A jakie to s\u0105 zaj\u0119cia? I czemu one s\u0142u\u017c\u0105? Poni\u017cej kilka informacji \ud83d\ude0a<\/p>\n<p>Umiej\u0119tno\u015bci spo\u0142eczne pozwalaj\u0105 na skuteczn\u0105 realizacj\u0119 cel\u00f3w \u017cyciowych, kszta\u0142tuj\u0105 relacje z innymi lud\u017ami, wp\u0142ywaj\u0105 na osi\u0105gni\u0119cie sukcesu zawodowego w przysz\u0142o\u015bci.<\/p>\n<p>Umo\u017cliwiaj\u0105:<br \/>\ud83d\udd17 wsp\u00f3\u0142dzia\u0142anie,<br \/>\ud83d\udd17 prac\u0119 w grupie,<br \/>\ud83d\udd17 rozwi\u0105zywanie konflikt\u00f3w,<br \/>\ud83d\udd17 radzenie sobie z emocjami w r\u00f3\u017cnych sytuacjach, tak\u017ce kryzysowych.<\/p>\n<p>Nauka i kszta\u0142towanie tych zdolno\u015bci trwa ca\u0142e \u017cycie. Nigdy nie jest za p\u00f3\u017ano na prac\u0119 nad nimi!<br \/>Ka\u017cdy (w mniejszym lub wi\u0119kszym stopniu) uczy si\u0119 ich ju\u017c od dzieci\u0144stwa, ale zdarza si\u0119, \u017ce z r\u00f3\u017cnych przyczyn nie uda si\u0119 ich naby\u0107 czy ukszta\u0142towa\u0107 w po\u017c\u0105dany spos\u00f3b.<\/p>\n<p>W takich sytuacjach warto skorzysta\u0107 z treningu umiej\u0119tno\u015bci spo\u0142ecznych, kt\u00f3rego podstaw\u0105 jest komunikacja interpersonalna.<\/p>\n<p>Zaj\u0119cia polegaj\u0105 na pracy grupowej i anga\u017cuj\u0105 wszystkich uczestnik\u00f3w jednakowo. Trenuj\u0105cy \u0107wicz\u0105 r\u00f3\u017cne sytuacje, analizuj\u0105 je, a tak\u017ce zastanawiaj\u0105 si\u0119 nad zachowaniami, odczuciami, jakie im w\u00f3wczas towarzyszy\u0142y.<\/p>\n<p>To r\u00f3wnie\u017c praca z emocjami \u2013 poprzez nauk\u0119 rozpoznawania i ich rozumienia, po wypracowanie sposob\u00f3w radzenia sobie z nimi w r\u00f3\u017cnych sytuacjach, bez przejawiania zachowa\u0144 agresywnych. Dla pomy\u015blno\u015bci procesu nabywania umiej\u0119tno\u015bci spo\u0142ecznych, praca ka\u017cdego uczestnika powinna odbywa\u0107 si\u0119 nie tylko podczas zaj\u0119\u0107 treningowych, ale tak\u017ce w codziennych sytuacjach.<\/p>\n<p>Wybrane korzy\u015bci treningu umiej\u0119tno\u015bci spo\u0142ecznych:<br \/>\u2733\ufe0f umiej\u0119tno\u015b\u0107 nawi\u0105zywania i podtrzymywania rozmowy, dyskutowania,<br \/>\u2733\ufe0f umiej\u0119tno\u015b\u0107 wyra\u017cania krytyki, ale i reagowania na ni\u0105,<br \/>\u2733\ufe0f umiej\u0119tno\u015b\u0107 rozpoznawania i radzenia sobie z r\u00f3\u017cnymi emocjami,<br \/>\u2733\ufe0f umiej\u0119tno\u015b\u0107 s\u0142uchania innych i zadawania pyta\u0144,<br \/>\u2733\ufe0f wykszta\u0142cenie postawy asertywnej,<br \/>\u2733\ufe0f wsp\u00f3\u0142praca w grupie,<br \/>\u2733\ufe0f umiej\u0119tno\u015b\u0107 radzenia sobie w sytuacjach konfliktowych,<br \/>\u2733\ufe0f rozumienie uczu\u0107 innych \u2013 empatia,<br \/>\u2733\ufe0f budowanie poczucia w\u0142asnej warto\u015bci i samooceny.<\/p>\n<p>[\/et_pb_text][\/et_pb_column][\/et_pb_row][\/et_pb_section]<\/p>\n","protected":false},"excerpt":{"rendered":"<p>Wybrane korzy\u015bci Program \ud83d\udd34 TRENING UMIEJ\u0118TNO\u015aCI SPO\u0141ECZNYCH \ud83d\udd34to sta\u0142a propozycja zaj\u0119\u0107 w naszej ofercie.Adresowany jest przede wszystkim do dzieci m\u0142odszych, chocia\u017c korzystaj\u0105 z niego tak\u017ce nastolatki i osoby doros\u0142e. A jakie to s\u0105 zaj\u0119cia? I czemu one s\u0142u\u017c\u0105? Poni\u017cej kilka informacji \ud83d\ude0a Umiej\u0119tno\u015bci spo\u0142eczne pozwalaj\u0105 na skuteczn\u0105 realizacj\u0119 cel\u00f3w \u017cyciowych, kszta\u0142tuj\u0105 relacje z innymi lud\u017ami, [&hellip;]<\/p>\n","protected":false},"author":1,"featured_media":0,"parent":0,"menu_order":0,"comment_status":"closed","ping_status":"closed","template":"","meta":{"_et_pb_use_builder":"on","_et_pb_old_content":"","_et_gb_content_width":"","footnotes":""},"class_list":["post-675","page","type-page","status-publish","hentry"],"_links":{"self":[{"href":"https:\/\/fdrs.org.pl\/index.php\/wp-json\/wp\/v2\/pages\/675","targetHints":{"allow":["GET"]}}],"collection":[{"href":"https:\/\/fdrs.org.pl\/index.php\/wp-json\/wp\/v2\/pages"}],"about":[{"href":"https:\/\/fdrs.org.pl\/index.php\/wp-json\/wp\/v2\/types\/page"}],"author":[{"embeddable":true,"href":"https:\/\/fdrs.org.pl\/index.php\/wp-json\/wp\/v2\/users\/1"}],"replies":[{"embeddable":true,"href":"https:\/\/fdrs.org.pl\/index.php\/wp-json\/wp\/v2\/comments?post=675"}],"version-history":[{"count":2,"href":"https:\/\/fdrs.org.pl\/index.php\/wp-json\/wp\/v2\/pages\/675\/revisions"}],"predecessor-version":[{"id":678,"href":"https:\/\/fdrs.org.pl\/index.php\/wp-json\/wp\/v2\/pages\/675\/revisions\/678"}],"wp:attachment":[{"href":"https:\/\/fdrs.org.pl\/index.php\/wp-json\/wp\/v2\/media?parent=675"}],"curies":[{"name":"wp","href":"https:\/\/api.w.org\/{rel}","templated":true}]}}