{"id":783,"date":"2023-05-18T10:38:36","date_gmt":"2023-05-18T08:38:36","guid":{"rendered":"https:\/\/fdrs.org.pl\/?page_id=783"},"modified":"2023-05-22T20:58:17","modified_gmt":"2023-05-22T18:58:17","slug":"fundacja-santander","status":"publish","type":"page","link":"https:\/\/fdrs.org.pl\/index.php\/pl\/fundacja-santander\/","title":{"rendered":"Fundacja Santander"},"content":{"rendered":"<p>[et_pb_section fb_built=&#8221;1&#8243; _builder_version=&#8221;4.20.2&#8243; _module_preset=&#8221;default&#8221; custom_padding=&#8221;||32px|||&#8221; global_colors_info=&#8221;{}&#8221;][et_pb_row _builder_version=&#8221;4.20.2&#8243; _module_preset=&#8221;default&#8221; global_colors_info=&#8221;{}&#8221;][et_pb_column type=&#8221;4_4&#8243; _builder_version=&#8221;4.20.2&#8243; _module_preset=&#8221;default&#8221; global_colors_info=&#8221;{}&#8221;][et_pb_image src=&#8221;https:\/\/fdrs.org.pl\/wp-content\/uploads\/2023\/05\/Santander_haki_na_cyberataki_www_1170x200.jpg&#8221; title_text=&#8221;Santander_haki_na_cyberataki_www_1170x200&#8243; _builder_version=&#8221;4.20.2&#8243; _module_preset=&#8221;default&#8221; global_colors_info=&#8221;{}&#8221;][\/et_pb_image][\/et_pb_column][\/et_pb_row][\/et_pb_section][et_pb_section fb_built=&#8221;1&#8243; admin_label=&#8221;About&#8221; _builder_version=&#8221;4.16&#8243; global_colors_info=&#8221;{}&#8221;][et_pb_row column_structure=&#8221;1_2,1_2&#8243; _builder_version=&#8221;4.19.5&#8243; custom_margin=&#8221;||||false|false&#8221; custom_padding=&#8221;||||false|false&#8221; global_colors_info=&#8221;{}&#8221;][et_pb_column type=&#8221;1_2&#8243; _builder_version=&#8221;4.16&#8243; custom_padding=&#8221;||||false|false&#8221; global_colors_info=&#8221;{}&#8221;][et_pb_text quote_border_weight=&#8221;8px&#8221; quote_border_color=&#8221;#f9ce6e&#8221; _builder_version=&#8221;4.16&#8243; header_2_font=&#8221;Playfair Display|700|||||||&#8221; header_2_text_color=&#8221;#2A3749&#8243; header_2_font_size=&#8221;42px&#8221; header_2_line_height=&#8221;1.1em&#8221; header_3_font=&#8221;Playfair Display|700|||||||&#8221; header_3_font_size=&#8221;40px&#8221; header_3_line_height=&#8221;1.2em&#8221; custom_padding=&#8221;||||false|false&#8221; header_2_font_size_tablet=&#8221;38px&#8221; header_2_font_size_phone=&#8221;25px&#8221; header_2_font_size_last_edited=&#8221;on|desktop&#8221; header_3_font_size_tablet=&#8221;34px&#8221; header_3_font_size_phone=&#8221;24px&#8221; header_3_font_size_last_edited=&#8221;on|phone&#8221; locked=&#8221;off&#8221; global_colors_info=&#8221;{}&#8221;]<\/p>\n<blockquote>\n<h3>Projekt Fundacji Dzieci Rodzice Szko\u0142a zrealizowany w ramach grantu Fundacji Santander<br \/>Haki na cyberataki<\/h3>\n<\/blockquote>\n<p>[\/et_pb_text][\/et_pb_column][et_pb_column type=&#8221;1_2&#8243; _builder_version=&#8221;4.16&#8243; global_colors_info=&#8221;{}&#8221;][et_pb_text _builder_version=&#8221;4.19.5&#8243; _module_preset=&#8221;default&#8221; global_colors_info=&#8221;{}&#8221;]<\/p>\n<p>Zapraszamy Was do naszych Escape Room\u00f3w oraz biblioteki zawieraj\u0105cej materia\u0142y informacyjne na temat bezpiecznego bankowania w sieci. <span>\u00a0\u015awiat bankowo\u015bci elektronicznej wcale nie musi by\u0107 nudny!!! Przygotowali\u015bmy\u00a0 zagadki, ciekawe historie kryminalne zamkni\u0119te w edukacyjnych Escape Roomach<\/span><\/p>\n<p><span>\u00a0\u201eMBB czyli M\u0142ody Bankuje Bezpiecznie\u201d w ramach programu \u201eHaki na cyberataki\u201d, realizowanego przez\u00a0<\/span><a href=\"https:\/\/www.linkedin.com\/company\/fundacja-santander-bank-polska\/\">Fundacja Santander Bank Polska S.A. im. Ignacego Jana Paderewskiego<\/a><span>.<\/span><br \/>DOBREJ ZABAWY !!!<\/p>\n<p>[\/et_pb_text][\/et_pb_column][\/et_pb_row][\/et_pb_section][et_pb_section fb_built=&#8221;1&#8243; admin_label=&#8221;Testimonials&#8221; _builder_version=&#8221;4.16&#8243; background_enable_color=&#8221;off&#8221; custom_margin=&#8221;||||false|false&#8221; locked=&#8221;off&#8221; global_colors_info=&#8221;{}&#8221;][et_pb_row column_structure=&#8221;1_3,1_3,1_3&#8243; _builder_version=&#8221;4.16&#8243; global_colors_info=&#8221;{}&#8221;][et_pb_column type=&#8221;1_3&#8243; _builder_version=&#8221;4.16&#8243; global_colors_info=&#8221;{}&#8221;][et_pb_button button_url=&#8221;https:\/\/fdrs.org.pl\/wp-content\/uploads\/2023\/05\/Santander1.zip&#8221; url_new_window=&#8221;on&#8221; button_text=&#8221;Escape room w\u0142amanie na konto bankowe&#8221; button_alignment=&#8221;center&#8221; _builder_version=&#8221;4.20.2&#8243; _module_preset=&#8221;default&#8221; custom_button=&#8221;on&#8221; button_text_size=&#8221;12px&#8221; button_text_color=&#8221;#ffffff&#8221; button_bg_color=&#8221;#007aff&#8221; button_border_width=&#8221;0px&#8221; button_border_radius=&#8221;100px&#8221; button_letter_spacing=&#8221;2px&#8221; button_font=&#8221;PT Sans|900||on|||||&#8221; button_use_icon=&#8221;off&#8221; custom_margin=&#8221;||||false|false&#8221; custom_padding=&#8221;20px|30px|20px|30px|true|true&#8221; box_shadow_style=&#8221;preset3&#8243; box_shadow_blur=&#8221;28px&#8221; box_shadow_spread=&#8221;-10px&#8221; box_shadow_color=&#8221;rgba(0,122,255,0.33)&#8221; global_colors_info=&#8221;{}&#8221;][\/et_pb_button][\/et_pb_column][et_pb_column type=&#8221;1_3&#8243; _builder_version=&#8221;4.16&#8243; global_colors_info=&#8221;{}&#8221;][et_pb_button button_url=&#8221;https:\/\/fdrs.org.pl\/wp-content\/uploads\/2023\/05\/Santander3.zip&#8221; url_new_window=&#8221;on&#8221; button_text=&#8221;ZASADY BEZPIECZE\u0143STWA czyli jak sobie radzi\u0107 z zagro\u017ceniam&#8221; button_alignment=&#8221;center&#8221; _builder_version=&#8221;4.20.2&#8243; _module_preset=&#8221;default&#8221; custom_button=&#8221;on&#8221; button_text_size=&#8221;12px&#8221; button_text_color=&#8221;#ffffff&#8221; button_bg_color=&#8221;#007aff&#8221; button_border_width=&#8221;0px&#8221; button_border_radius=&#8221;100px&#8221; button_letter_spacing=&#8221;2px&#8221; button_font=&#8221;PT Sans|900||on|||||&#8221; button_use_icon=&#8221;off&#8221; custom_margin=&#8221;||||false|false&#8221; custom_padding=&#8221;20px|30px|20px|30px|true|true&#8221; box_shadow_style=&#8221;preset3&#8243; box_shadow_blur=&#8221;28px&#8221; box_shadow_spread=&#8221;-10px&#8221; box_shadow_color=&#8221;rgba(0,122,255,0.33)&#8221; global_colors_info=&#8221;{}&#8221;][\/et_pb_button][\/et_pb_column][et_pb_column type=&#8221;1_3&#8243; _builder_version=&#8221;4.16&#8243; global_colors_info=&#8221;{}&#8221;][et_pb_button button_url=&#8221;https:\/\/fdrs.org.pl\/wp-content\/uploads\/2023\/05\/Santander2.zip&#8221; url_new_window=&#8221;on&#8221; button_text=&#8221;CIEKAWOSTKI Czy wiesz, \u017ce&#8230;?&#8221; button_alignment=&#8221;center&#8221; _builder_version=&#8221;4.20.2&#8243; _module_preset=&#8221;default&#8221; custom_button=&#8221;on&#8221; button_text_size=&#8221;12px&#8221; button_text_color=&#8221;#ffffff&#8221; button_bg_color=&#8221;#007aff&#8221; button_border_width=&#8221;0px&#8221; button_border_radius=&#8221;100px&#8221; button_letter_spacing=&#8221;2px&#8221; button_font=&#8221;PT Sans|900||on|||||&#8221; button_use_icon=&#8221;off&#8221; custom_margin=&#8221;||||false|false&#8221; custom_padding=&#8221;20px|30px|20px|30px|true|true&#8221; box_shadow_style=&#8221;preset3&#8243; box_shadow_blur=&#8221;28px&#8221; box_shadow_spread=&#8221;-10px&#8221; box_shadow_color=&#8221;rgba(0,122,255,0.33)&#8221; global_colors_info=&#8221;{}&#8221;][\/et_pb_button][\/et_pb_column][\/et_pb_row][\/et_pb_section]<\/p>\n","protected":false},"excerpt":{"rendered":"<p>Projekt Fundacji Dzieci Rodzice Szko\u0142a zrealizowany w ramach grantu Fundacji SantanderHaki na cyberataki Zapraszamy Was do naszych Escape Room\u00f3w oraz biblioteki zawieraj\u0105cej materia\u0142y informacyjne na temat bezpiecznego bankowania w sieci. \u00a0\u015awiat bankowo\u015bci elektronicznej wcale nie musi by\u0107 nudny!!! Przygotowali\u015bmy\u00a0 zagadki, ciekawe historie kryminalne zamkni\u0119te w edukacyjnych Escape Roomach \u00a0\u201eMBB czyli M\u0142ody Bankuje Bezpiecznie\u201d w ramach [&hellip;]<\/p>\n","protected":false},"author":2,"featured_media":0,"parent":0,"menu_order":0,"comment_status":"closed","ping_status":"closed","template":"","meta":{"_et_pb_use_builder":"on","_et_pb_old_content":"","_et_gb_content_width":"","footnotes":""},"class_list":["post-783","page","type-page","status-publish","hentry"],"_links":{"self":[{"href":"https:\/\/fdrs.org.pl\/index.php\/wp-json\/wp\/v2\/pages\/783","targetHints":{"allow":["GET"]}}],"collection":[{"href":"https:\/\/fdrs.org.pl\/index.php\/wp-json\/wp\/v2\/pages"}],"about":[{"href":"https:\/\/fdrs.org.pl\/index.php\/wp-json\/wp\/v2\/types\/page"}],"author":[{"embeddable":true,"href":"https:\/\/fdrs.org.pl\/index.php\/wp-json\/wp\/v2\/users\/2"}],"replies":[{"embeddable":true,"href":"https:\/\/fdrs.org.pl\/index.php\/wp-json\/wp\/v2\/comments?post=783"}],"version-history":[{"count":6,"href":"https:\/\/fdrs.org.pl\/index.php\/wp-json\/wp\/v2\/pages\/783\/revisions"}],"predecessor-version":[{"id":1181,"href":"https:\/\/fdrs.org.pl\/index.php\/wp-json\/wp\/v2\/pages\/783\/revisions\/1181"}],"wp:attachment":[{"href":"https:\/\/fdrs.org.pl\/index.php\/wp-json\/wp\/v2\/media?parent=783"}],"curies":[{"name":"wp","href":"https:\/\/api.w.org\/{rel}","templated":true}]}}